
{"id":8050,"date":"2024-01-24T13:01:09","date_gmt":"2024-01-24T16:01:09","guid":{"rendered":"https:\/\/haustelier.com.ar\/?page_id=8050"},"modified":"2024-02-09T16:41:01","modified_gmt":"2024-02-09T19:41:01","slug":"sobre-nosotros","status":"publish","type":"page","link":"https:\/\/haustelier.com.ar\/en\/sobre-nosotros\/","title":{"rendered":"Sobre nosotros"},"content":{"rendered":"<div data-elementor-type=\"wp-page\" data-elementor-id=\"8050\" class=\"elementor elementor-8050\">\n\t\t\t\t\t\t\t<div class=\"elementor-element elementor-element-8f09966 e-flex e-con-boxed e-con e-parent\" data-id=\"8f09966\" data-element_type=\"container\" data-settings=\"{&quot;content_width&quot;:&quot;boxed&quot;,&quot;_ob_use_container_extras&quot;:&quot;no&quot;,&quot;_ob_column_hoveranimator&quot;:&quot;no&quot;,&quot;_ob_glider_is_slider&quot;:&quot;no&quot;,&quot;_ob_column_has_pseudo&quot;:&quot;no&quot;}\" data-core-v316-plus=\"true\">\n\t\t\t\t\t<div class=\"e-con-inner\">\n\t\t\t\t<div class=\"elementor-element elementor-element-8df98ae ob-harakiri-inherit ob-has-background-overlay elementor-widget elementor-widget-heading\" data-id=\"8df98ae\" data-element_type=\"widget\" data-settings=\"{&quot;_ob_use_harakiri&quot;:&quot;yes&quot;,&quot;_ob_harakiri_writing_mode&quot;:&quot;inherit&quot;,&quot;_ob_harakiri_text_clip&quot;:&quot;none&quot;,&quot;_ob_perspektive_use&quot;:&quot;no&quot;,&quot;_ob_poopart_use&quot;:&quot;yes&quot;,&quot;_ob_shadough_use&quot;:&quot;no&quot;,&quot;_ob_allow_hoveranimator&quot;:&quot;no&quot;,&quot;_ob_widget_stalker_use&quot;:&quot;no&quot;}\" data-widget_type=\"heading.default\">\n\t\t\t\t<div class=\"elementor-widget-container\">\n\t\t\t<style>\/*! elementor - v3.18.0 - 20-12-2023 *\/\n.elementor-heading-title{padding:0;margin:0;line-height:1}.elementor-widget-heading .elementor-heading-title[class*=elementor-size-]>a{color:inherit;font-size:inherit;line-height:inherit}.elementor-widget-heading .elementor-heading-title.elementor-size-small{font-size:15px}.elementor-widget-heading .elementor-heading-title.elementor-size-medium{font-size:19px}.elementor-widget-heading .elementor-heading-title.elementor-size-large{font-size:29px}.elementor-widget-heading .elementor-heading-title.elementor-size-xl{font-size:39px}.elementor-widget-heading .elementor-heading-title.elementor-size-xxl{font-size:59px}<\/style><h2 class=\"elementor-heading-title elementor-size-default\">Sobre nosotros<\/h2>\t\t<\/div>\n\t\t\t\t<\/div>\n\t\t\t\t<div class=\"elementor-element elementor-element-f8fe701 ob-has-background-overlay elementor-widget elementor-widget-skt-breadcrumbs skt-addon skt-breadcrumbs\" data-id=\"f8fe701\" data-element_type=\"widget\" data-settings=\"{&quot;_ob_perspektive_use&quot;:&quot;no&quot;,&quot;_ob_poopart_use&quot;:&quot;yes&quot;,&quot;_ob_shadough_use&quot;:&quot;no&quot;,&quot;_ob_allow_hoveranimator&quot;:&quot;no&quot;,&quot;_ob_widget_stalker_use&quot;:&quot;no&quot;}\" data-widget_type=\"skt-breadcrumbs.default\">\n\t\t\t\t<div class=\"elementor-widget-container\">\n\t\t\t<ul class=\"skt-breadcrumbs\"><li class=\"skt-breadcrumbs-item skt-breadcrumbs-start\"><a href=\"https:\/\/haustelier.com.ar\/en\/\" rel=\"home\"><span class=\"skt-breadcrumbs-text\">Inicio<\/span><\/a><\/li><\/ul>\t\t<\/div>\n\t\t\t\t<\/div>\n\t\t\t\t\t<\/div>\n\t\t\t\t<\/div>\n\t\t<div class=\"elementor-element elementor-element-af44aba e-flex e-con-boxed e-con e-parent\" data-id=\"af44aba\" data-element_type=\"container\" data-settings=\"{&quot;content_width&quot;:&quot;boxed&quot;,&quot;_ob_use_container_extras&quot;:&quot;no&quot;,&quot;_ob_column_hoveranimator&quot;:&quot;no&quot;,&quot;_ob_glider_is_slider&quot;:&quot;no&quot;,&quot;_ob_column_has_pseudo&quot;:&quot;no&quot;}\" data-core-v316-plus=\"true\">\n\t\t\t\t\t<div class=\"e-con-inner\">\n\t\t<div class=\"elementor-element elementor-element-4197bb6 e-con-full e-flex e-con e-child\" data-id=\"4197bb6\" data-element_type=\"container\" data-settings=\"{&quot;content_width&quot;:&quot;full&quot;,&quot;_ob_use_container_extras&quot;:&quot;no&quot;,&quot;_ob_column_hoveranimator&quot;:&quot;no&quot;,&quot;_ob_glider_is_slider&quot;:&quot;no&quot;,&quot;_ob_column_has_pseudo&quot;:&quot;no&quot;}\">\n\t\t\t\t<div class=\"elementor-element elementor-element-41c9c2e ob-harakiri-inherit ob-has-background-overlay elementor-widget elementor-widget-text-editor\" data-id=\"41c9c2e\" data-element_type=\"widget\" data-settings=\"{&quot;_ob_use_harakiri&quot;:&quot;yes&quot;,&quot;_ob_harakiri_writing_mode&quot;:&quot;inherit&quot;,&quot;_ob_postman_use&quot;:&quot;no&quot;,&quot;_ob_perspektive_use&quot;:&quot;no&quot;,&quot;_ob_poopart_use&quot;:&quot;yes&quot;,&quot;_ob_shadough_use&quot;:&quot;no&quot;,&quot;_ob_allow_hoveranimator&quot;:&quot;no&quot;,&quot;_ob_widget_stalker_use&quot;:&quot;no&quot;}\" data-widget_type=\"text-editor.default\">\n\t\t\t\t<div class=\"elementor-widget-container\">\n\t\t\t<style>\/*! elementor - v3.18.0 - 20-12-2023 *\/\n.elementor-widget-text-editor.elementor-drop-cap-view-stacked .elementor-drop-cap{background-color:#69727d;color:#fff}.elementor-widget-text-editor.elementor-drop-cap-view-framed .elementor-drop-cap{color:#69727d;border:3px solid;background-color:transparent}.elementor-widget-text-editor:not(.elementor-drop-cap-view-default) .elementor-drop-cap{margin-top:8px}.elementor-widget-text-editor:not(.elementor-drop-cap-view-default) .elementor-drop-cap-letter{width:1em;height:1em}.elementor-widget-text-editor .elementor-drop-cap{float:left;text-align:center;line-height:1;font-size:50px}.elementor-widget-text-editor .elementor-drop-cap-letter{display:inline-block}<\/style>\t\t\t\t<p>Somos una marca nueva, despu\u00e9s de a\u00f1os en el mercado de toldos y lonas, vimos la necesidad espec\u00edfica de los clientes de encontrar una marca de cortinas que te asegure una excelente experiencia del usuario, que te brinde un precio competitivo y a la vez te de la calidad que tu casa se merece.<\/p>\t\t\t\t\t\t<\/div>\n\t\t\t\t<\/div>\n\t\t\t\t<div class=\"elementor-element elementor-element-41e010a ob-has-background-overlay elementor-widget elementor-widget-image\" data-id=\"41e010a\" data-element_type=\"widget\" data-settings=\"{&quot;_ob_photomorph_use&quot;:&quot;no&quot;,&quot;_ob_perspektive_use&quot;:&quot;no&quot;,&quot;_ob_poopart_use&quot;:&quot;yes&quot;,&quot;_ob_shadough_use&quot;:&quot;no&quot;,&quot;_ob_allow_hoveranimator&quot;:&quot;no&quot;,&quot;_ob_widget_stalker_use&quot;:&quot;no&quot;}\" data-widget_type=\"image.default\">\n\t\t\t\t<div class=\"elementor-widget-container\">\n\t\t\t<style>\/*! elementor - v3.18.0 - 20-12-2023 *\/\n.elementor-widget-image{text-align:center}.elementor-widget-image a{display:inline-block}.elementor-widget-image a img[src$=\".svg\"]{width:48px}.elementor-widget-image img{vertical-align:middle;display:inline-block}<\/style>\t\t\t\t\t\t\t\t\t\t\t\t<img fetchpriority=\"high\" decoding=\"async\" width=\"634\" height=\"501\" src=\"https:\/\/haustelier.com.ar\/wp-content\/uploads\/2024\/02\/nosotros1.png\" class=\"attachment-full size-full wp-image-8455\" alt=\"\" srcset=\"https:\/\/haustelier.com.ar\/wp-content\/uploads\/2024\/02\/nosotros1.png 634w, https:\/\/haustelier.com.ar\/wp-content\/uploads\/2024\/02\/nosotros1-600x474.png 600w, https:\/\/haustelier.com.ar\/wp-content\/uploads\/2024\/02\/nosotros1-300x237.png 300w, https:\/\/haustelier.com.ar\/wp-content\/uploads\/2024\/02\/nosotros1-630x498.png 630w\" sizes=\"(max-width: 634px) 100vw, 634px\" \/>\t\t\t\t\t\t\t\t\t\t\t\t\t\t\t<\/div>\n\t\t\t\t<\/div>\n\t\t\t\t<\/div>\n\t\t<div class=\"elementor-element elementor-element-ef6c4e0 e-con-full e-flex e-con e-child\" data-id=\"ef6c4e0\" data-element_type=\"container\" data-settings=\"{&quot;content_width&quot;:&quot;full&quot;,&quot;_ob_use_container_extras&quot;:&quot;no&quot;,&quot;_ob_column_hoveranimator&quot;:&quot;no&quot;,&quot;_ob_glider_is_slider&quot;:&quot;no&quot;,&quot;_ob_column_has_pseudo&quot;:&quot;no&quot;}\">\n\t\t\t\t<div class=\"elementor-element elementor-element-4f80a03 ob-has-background-overlay elementor-widget elementor-widget-image\" data-id=\"4f80a03\" data-element_type=\"widget\" data-settings=\"{&quot;_ob_photomorph_use&quot;:&quot;no&quot;,&quot;_ob_perspektive_use&quot;:&quot;no&quot;,&quot;_ob_poopart_use&quot;:&quot;yes&quot;,&quot;_ob_shadough_use&quot;:&quot;no&quot;,&quot;_ob_allow_hoveranimator&quot;:&quot;no&quot;,&quot;_ob_widget_stalker_use&quot;:&quot;no&quot;}\" data-widget_type=\"image.default\">\n\t\t\t\t<div class=\"elementor-widget-container\">\n\t\t\t\t\t\t\t\t\t\t\t\t\t\t\t<img decoding=\"async\" width=\"487\" height=\"719\" src=\"https:\/\/haustelier.com.ar\/wp-content\/uploads\/2024\/02\/nosotros2.png\" class=\"attachment-full size-full wp-image-8456\" alt=\"\" srcset=\"https:\/\/haustelier.com.ar\/wp-content\/uploads\/2024\/02\/nosotros2.png 487w, https:\/\/haustelier.com.ar\/wp-content\/uploads\/2024\/02\/nosotros2-203x300.png 203w\" sizes=\"(max-width: 487px) 100vw, 487px\" \/>\t\t\t\t\t\t\t\t\t\t\t\t\t\t\t<\/div>\n\t\t\t\t<\/div>\n\t\t\t\t<\/div>\n\t\t\t\t\t<\/div>\n\t\t\t\t<\/div>\n\t\t<div class=\"elementor-element elementor-element-b1d0958 e-flex e-con-boxed e-con e-parent\" data-id=\"b1d0958\" data-element_type=\"container\" data-settings=\"{&quot;content_width&quot;:&quot;boxed&quot;,&quot;_ob_use_container_extras&quot;:&quot;no&quot;,&quot;_ob_column_hoveranimator&quot;:&quot;no&quot;,&quot;_ob_glider_is_slider&quot;:&quot;no&quot;,&quot;_ob_column_has_pseudo&quot;:&quot;no&quot;}\" data-core-v316-plus=\"true\">\n\t\t\t\t\t<div class=\"e-con-inner\">\n\t\t\t\t<div class=\"elementor-element elementor-element-1776c55 ob-harakiri-inherit ob-has-background-overlay elementor-widget elementor-widget-text-editor\" data-id=\"1776c55\" data-element_type=\"widget\" data-settings=\"{&quot;_ob_use_harakiri&quot;:&quot;yes&quot;,&quot;_ob_harakiri_writing_mode&quot;:&quot;inherit&quot;,&quot;_ob_postman_use&quot;:&quot;no&quot;,&quot;_ob_perspektive_use&quot;:&quot;no&quot;,&quot;_ob_poopart_use&quot;:&quot;yes&quot;,&quot;_ob_shadough_use&quot;:&quot;no&quot;,&quot;_ob_allow_hoveranimator&quot;:&quot;no&quot;,&quot;_ob_widget_stalker_use&quot;:&quot;no&quot;}\" data-widget_type=\"text-editor.default\">\n\t\t\t\t<div class=\"elementor-widget-container\">\n\t\t\t\t\t\t\t<p>Contamos con Fabrica Propia en cumplimiento con los m\u00e1s elevados est\u00e1ndares de fabricaci\u00f3n en la industria. Brindamos servicio de<br \/>colocaci\u00f3n y servicio t\u00e9cnico realizado por especialistas en el rubro entrenados por nosotros durante a\u00f1os.<br \/><br \/>Queremos hacer las cosas distintas, queremos innovar, queremos clientes contentos, vamos a trabajar d\u00eda a d\u00eda para hacer de nuestra<br \/>empresa un referente del sector.<\/p>\t\t\t\t\t\t<\/div>\n\t\t\t\t<\/div>\n\t\t\t\t\t<\/div>\n\t\t\t\t<\/div>\n\t\t\t\t\t\t\t<\/div>","protected":false},"excerpt":{"rendered":"<p>Sobre nosotros Inicio Somos una marca nueva, despu\u00e9s de a\u00f1os en el mercado de toldos y lonas, vimos la necesidad espec\u00edfica de los clientes de encontrar una marca de cortinas que te asegure una excelente experiencia del usuario, que te brinde un precio competitivo y a la vez te de la calidad que tu casa [&hellip;]<\/p>","protected":false},"author":1,"featured_media":0,"parent":0,"menu_order":0,"comment_status":"closed","ping_status":"closed","template":"","meta":{"_acf_changed":false,"inline_featured_image":false,"footnotes":""},"class_list":["post-8050","page","type-page","status-publish","hentry"],"acf":[],"yoast_head":"<!-- This site is optimized with the Yoast SEO plugin v26.6 - https:\/\/yoast.com\/wordpress\/plugins\/seo\/ -->\n<title>Sobre nosotros - Haustelier<\/title>\n<meta name=\"robots\" content=\"index, follow, max-snippet:-1, max-image-preview:large, max-video-preview:-1\" \/>\n<link rel=\"canonical\" href=\"https:\/\/haustelier.com.ar\/en\/sobre-nosotros\/\" \/>\n<meta property=\"og:locale\" content=\"en_US\" \/>\n<meta property=\"og:type\" content=\"article\" \/>\n<meta property=\"og:title\" content=\"Sobre nosotros - Haustelier\" \/>\n<meta property=\"og:description\" content=\"Sobre nosotros Inicio Somos una marca nueva, despu\u00e9s de a\u00f1os en el mercado de toldos y lonas, vimos la necesidad espec\u00edfica de los clientes de encontrar una marca de cortinas que te asegure una excelente experiencia del usuario, que te brinde un precio competitivo y a la vez te de la calidad que tu casa [&hellip;]\" \/>\n<meta property=\"og:url\" content=\"https:\/\/haustelier.com.ar\/en\/sobre-nosotros\/\" \/>\n<meta property=\"og:site_name\" content=\"Haustelier\" \/>\n<meta property=\"article:modified_time\" content=\"2024-02-09T19:41:01+00:00\" \/>\n<meta property=\"og:image\" content=\"https:\/\/haustelier.com.ar\/wp-content\/uploads\/2024\/02\/nosotros1.png\" \/>\n\t<meta property=\"og:image:width\" content=\"634\" \/>\n\t<meta property=\"og:image:height\" content=\"501\" \/>\n\t<meta property=\"og:image:type\" content=\"image\/png\" \/>\n<meta name=\"twitter:card\" content=\"summary_large_image\" \/>\n<meta name=\"twitter:label1\" content=\"Est. reading time\" \/>\n\t<meta name=\"twitter:data1\" content=\"1 minute\" \/>\n<script type=\"application\/ld+json\" class=\"yoast-schema-graph\">{\"@context\":\"https:\/\/schema.org\",\"@graph\":[{\"@type\":\"WebPage\",\"@id\":\"https:\/\/haustelier.com.ar\/sobre-nosotros\/\",\"url\":\"https:\/\/haustelier.com.ar\/sobre-nosotros\/\",\"name\":\"Sobre nosotros - Haustelier\",\"isPartOf\":{\"@id\":\"https:\/\/haustelier.com.ar\/#website\"},\"primaryImageOfPage\":{\"@id\":\"https:\/\/haustelier.com.ar\/sobre-nosotros\/#primaryimage\"},\"image\":{\"@id\":\"https:\/\/haustelier.com.ar\/sobre-nosotros\/#primaryimage\"},\"thumbnailUrl\":\"https:\/\/haustelier.com.ar\/wp-content\/uploads\/2024\/02\/nosotros1.png\",\"datePublished\":\"2024-01-24T16:01:09+00:00\",\"dateModified\":\"2024-02-09T19:41:01+00:00\",\"breadcrumb\":{\"@id\":\"https:\/\/haustelier.com.ar\/sobre-nosotros\/#breadcrumb\"},\"inLanguage\":\"en-US\",\"potentialAction\":[{\"@type\":\"ReadAction\",\"target\":[\"https:\/\/haustelier.com.ar\/sobre-nosotros\/\"]}]},{\"@type\":\"ImageObject\",\"inLanguage\":\"en-US\",\"@id\":\"https:\/\/haustelier.com.ar\/sobre-nosotros\/#primaryimage\",\"url\":\"https:\/\/haustelier.com.ar\/wp-content\/uploads\/2024\/02\/nosotros1.png\",\"contentUrl\":\"https:\/\/haustelier.com.ar\/wp-content\/uploads\/2024\/02\/nosotros1.png\"},{\"@type\":\"BreadcrumbList\",\"@id\":\"https:\/\/haustelier.com.ar\/sobre-nosotros\/#breadcrumb\",\"itemListElement\":[{\"@type\":\"ListItem\",\"position\":1,\"name\":\"Home\",\"item\":\"https:\/\/haustelier.com.ar\/\"},{\"@type\":\"ListItem\",\"position\":2,\"name\":\"Sobre nosotros\"}]},{\"@type\":\"WebSite\",\"@id\":\"https:\/\/haustelier.com.ar\/#website\",\"url\":\"https:\/\/haustelier.com.ar\/\",\"name\":\"Haustelier\",\"description\":\"Fabrica de Cortinas\",\"publisher\":{\"@id\":\"https:\/\/haustelier.com.ar\/#organization\"},\"potentialAction\":[{\"@type\":\"SearchAction\",\"target\":{\"@type\":\"EntryPoint\",\"urlTemplate\":\"https:\/\/haustelier.com.ar\/?s={search_term_string}\"},\"query-input\":{\"@type\":\"PropertyValueSpecification\",\"valueRequired\":true,\"valueName\":\"search_term_string\"}}],\"inLanguage\":\"en-US\"},{\"@type\":\"Organization\",\"@id\":\"https:\/\/haustelier.com.ar\/#organization\",\"name\":\"Haustelier\",\"url\":\"https:\/\/haustelier.com.ar\/\",\"logo\":{\"@type\":\"ImageObject\",\"inLanguage\":\"en-US\",\"@id\":\"https:\/\/haustelier.com.ar\/#\/schema\/logo\/image\/\",\"url\":\"https:\/\/haustelier.com.ar\/wp-content\/uploads\/2024\/04\/cropped-logos-haustelier_800x-600-e1713378720964.png\",\"contentUrl\":\"https:\/\/haustelier.com.ar\/wp-content\/uploads\/2024\/04\/cropped-logos-haustelier_800x-600-e1713378720964.png\",\"width\":934,\"height\":255,\"caption\":\"Haustelier\"},\"image\":{\"@id\":\"https:\/\/haustelier.com.ar\/#\/schema\/logo\/image\/\"}}]}<\/script>\n<!-- \/ Yoast SEO plugin. -->","yoast_head_json":{"title":"Sobre nosotros - Haustelier","robots":{"index":"index","follow":"follow","max-snippet":"max-snippet:-1","max-image-preview":"max-image-preview:large","max-video-preview":"max-video-preview:-1"},"canonical":"https:\/\/haustelier.com.ar\/en\/sobre-nosotros\/","og_locale":"en_US","og_type":"article","og_title":"Sobre nosotros - Haustelier","og_description":"Sobre nosotros Inicio Somos una marca nueva, despu\u00e9s de a\u00f1os en el mercado de toldos y lonas, vimos la necesidad espec\u00edfica de los clientes de encontrar una marca de cortinas que te asegure una excelente experiencia del usuario, que te brinde un precio competitivo y a la vez te de la calidad que tu casa [&hellip;]","og_url":"https:\/\/haustelier.com.ar\/en\/sobre-nosotros\/","og_site_name":"Haustelier","article_modified_time":"2024-02-09T19:41:01+00:00","og_image":[{"width":634,"height":501,"url":"https:\/\/haustelier.com.ar\/wp-content\/uploads\/2024\/02\/nosotros1.png","type":"image\/png"}],"twitter_card":"summary_large_image","twitter_misc":{"Est. reading time":"1 minute"},"schema":{"@context":"https:\/\/schema.org","@graph":[{"@type":"WebPage","@id":"https:\/\/haustelier.com.ar\/sobre-nosotros\/","url":"https:\/\/haustelier.com.ar\/sobre-nosotros\/","name":"Sobre nosotros - Haustelier","isPartOf":{"@id":"https:\/\/haustelier.com.ar\/#website"},"primaryImageOfPage":{"@id":"https:\/\/haustelier.com.ar\/sobre-nosotros\/#primaryimage"},"image":{"@id":"https:\/\/haustelier.com.ar\/sobre-nosotros\/#primaryimage"},"thumbnailUrl":"https:\/\/haustelier.com.ar\/wp-content\/uploads\/2024\/02\/nosotros1.png","datePublished":"2024-01-24T16:01:09+00:00","dateModified":"2024-02-09T19:41:01+00:00","breadcrumb":{"@id":"https:\/\/haustelier.com.ar\/sobre-nosotros\/#breadcrumb"},"inLanguage":"en-US","potentialAction":[{"@type":"ReadAction","target":["https:\/\/haustelier.com.ar\/sobre-nosotros\/"]}]},{"@type":"ImageObject","inLanguage":"en-US","@id":"https:\/\/haustelier.com.ar\/sobre-nosotros\/#primaryimage","url":"https:\/\/haustelier.com.ar\/wp-content\/uploads\/2024\/02\/nosotros1.png","contentUrl":"https:\/\/haustelier.com.ar\/wp-content\/uploads\/2024\/02\/nosotros1.png"},{"@type":"BreadcrumbList","@id":"https:\/\/haustelier.com.ar\/sobre-nosotros\/#breadcrumb","itemListElement":[{"@type":"ListItem","position":1,"name":"Home","item":"https:\/\/haustelier.com.ar\/"},{"@type":"ListItem","position":2,"name":"Sobre nosotros"}]},{"@type":"WebSite","@id":"https:\/\/haustelier.com.ar\/#website","url":"https:\/\/haustelier.com.ar\/","name":"Haustelier","description":"Fabrica de Cortinas","publisher":{"@id":"https:\/\/haustelier.com.ar\/#organization"},"potentialAction":[{"@type":"SearchAction","target":{"@type":"EntryPoint","urlTemplate":"https:\/\/haustelier.com.ar\/?s={search_term_string}"},"query-input":{"@type":"PropertyValueSpecification","valueRequired":true,"valueName":"search_term_string"}}],"inLanguage":"en-US"},{"@type":"Organization","@id":"https:\/\/haustelier.com.ar\/#organization","name":"Haustelier","url":"https:\/\/haustelier.com.ar\/","logo":{"@type":"ImageObject","inLanguage":"en-US","@id":"https:\/\/haustelier.com.ar\/#\/schema\/logo\/image\/","url":"https:\/\/haustelier.com.ar\/wp-content\/uploads\/2024\/04\/cropped-logos-haustelier_800x-600-e1713378720964.png","contentUrl":"https:\/\/haustelier.com.ar\/wp-content\/uploads\/2024\/04\/cropped-logos-haustelier_800x-600-e1713378720964.png","width":934,"height":255,"caption":"Haustelier"},"image":{"@id":"https:\/\/haustelier.com.ar\/#\/schema\/logo\/image\/"}}]}},"_links":{"self":[{"href":"https:\/\/haustelier.com.ar\/en\/wp-json\/wp\/v2\/pages\/8050","targetHints":{"allow":["GET"]}}],"collection":[{"href":"https:\/\/haustelier.com.ar\/en\/wp-json\/wp\/v2\/pages"}],"about":[{"href":"https:\/\/haustelier.com.ar\/en\/wp-json\/wp\/v2\/types\/page"}],"author":[{"embeddable":true,"href":"https:\/\/haustelier.com.ar\/en\/wp-json\/wp\/v2\/users\/1"}],"replies":[{"embeddable":true,"href":"https:\/\/haustelier.com.ar\/en\/wp-json\/wp\/v2\/comments?post=8050"}],"version-history":[{"count":37,"href":"https:\/\/haustelier.com.ar\/en\/wp-json\/wp\/v2\/pages\/8050\/revisions"}],"predecessor-version":[{"id":8739,"href":"https:\/\/haustelier.com.ar\/en\/wp-json\/wp\/v2\/pages\/8050\/revisions\/8739"}],"wp:attachment":[{"href":"https:\/\/haustelier.com.ar\/en\/wp-json\/wp\/v2\/media?parent=8050"}],"curies":[{"name":"wp","href":"https:\/\/api.w.org\/{rel}","templated":true}]}}