
{"id":8560,"date":"2024-02-07T16:09:11","date_gmt":"2024-02-07T19:09:11","guid":{"rendered":"https:\/\/haustelier.com.ar\/?page_id=8560"},"modified":"2024-02-09T16:42:33","modified_gmt":"2024-02-09T19:42:33","slug":"politicas-de-devolucion","status":"publish","type":"page","link":"https:\/\/haustelier.com.ar\/en\/politicas-de-devolucion\/","title":{"rendered":"Pol\u00edticas de Devoluci\u00f3n"},"content":{"rendered":"<div data-elementor-type=\"wp-page\" data-elementor-id=\"8560\" class=\"elementor elementor-8560\">\n\t\t\t\t\t\t\t<div class=\"elementor-element elementor-element-66ae6a1 e-flex e-con-boxed e-con e-parent\" data-id=\"66ae6a1\" data-element_type=\"container\" data-settings=\"{&quot;content_width&quot;:&quot;boxed&quot;,&quot;_ob_use_container_extras&quot;:&quot;no&quot;,&quot;_ob_column_hoveranimator&quot;:&quot;no&quot;,&quot;_ob_glider_is_slider&quot;:&quot;no&quot;,&quot;_ob_column_has_pseudo&quot;:&quot;no&quot;}\" data-core-v316-plus=\"true\">\n\t\t\t\t\t<div class=\"e-con-inner\">\n\t\t\t\t<div class=\"elementor-element elementor-element-162c783 ob-harakiri-inherit ob-has-background-overlay elementor-widget elementor-widget-heading\" data-id=\"162c783\" data-element_type=\"widget\" data-settings=\"{&quot;_ob_use_harakiri&quot;:&quot;yes&quot;,&quot;_ob_harakiri_writing_mode&quot;:&quot;inherit&quot;,&quot;_ob_harakiri_text_clip&quot;:&quot;none&quot;,&quot;_ob_perspektive_use&quot;:&quot;no&quot;,&quot;_ob_poopart_use&quot;:&quot;yes&quot;,&quot;_ob_shadough_use&quot;:&quot;no&quot;,&quot;_ob_allow_hoveranimator&quot;:&quot;no&quot;,&quot;_ob_widget_stalker_use&quot;:&quot;no&quot;}\" data-widget_type=\"heading.default\">\n\t\t\t\t<div class=\"elementor-widget-container\">\n\t\t\t<style>\/*! elementor - v3.18.0 - 20-12-2023 *\/\n.elementor-heading-title{padding:0;margin:0;line-height:1}.elementor-widget-heading .elementor-heading-title[class*=elementor-size-]>a{color:inherit;font-size:inherit;line-height:inherit}.elementor-widget-heading .elementor-heading-title.elementor-size-small{font-size:15px}.elementor-widget-heading .elementor-heading-title.elementor-size-medium{font-size:19px}.elementor-widget-heading .elementor-heading-title.elementor-size-large{font-size:29px}.elementor-widget-heading .elementor-heading-title.elementor-size-xl{font-size:39px}.elementor-widget-heading .elementor-heading-title.elementor-size-xxl{font-size:59px}<\/style><h2 class=\"elementor-heading-title elementor-size-default\">Pol\u00edticas de devoluci\u00f3n<\/h2>\t\t<\/div>\n\t\t\t\t<\/div>\n\t\t\t\t<div class=\"elementor-element elementor-element-252d14a ob-has-background-overlay elementor-widget elementor-widget-skt-breadcrumbs skt-addon skt-breadcrumbs\" data-id=\"252d14a\" data-element_type=\"widget\" data-settings=\"{&quot;_ob_perspektive_use&quot;:&quot;no&quot;,&quot;_ob_poopart_use&quot;:&quot;yes&quot;,&quot;_ob_shadough_use&quot;:&quot;no&quot;,&quot;_ob_allow_hoveranimator&quot;:&quot;no&quot;,&quot;_ob_widget_stalker_use&quot;:&quot;no&quot;}\" data-widget_type=\"skt-breadcrumbs.default\">\n\t\t\t\t<div class=\"elementor-widget-container\">\n\t\t\t<ul class=\"skt-breadcrumbs\"><li class=\"skt-breadcrumbs-item skt-breadcrumbs-start\"><a href=\"https:\/\/haustelier.com.ar\/en\/\" rel=\"home\"><span class=\"skt-breadcrumbs-text\">Inicio<\/span><\/a><\/li><\/ul>\t\t<\/div>\n\t\t\t\t<\/div>\n\t\t\t\t\t<\/div>\n\t\t\t\t<\/div>\n\t\t<div class=\"elementor-element elementor-element-7917132 e-flex e-con-boxed e-con e-parent\" data-id=\"7917132\" data-element_type=\"container\" data-settings=\"{&quot;content_width&quot;:&quot;boxed&quot;,&quot;_ob_use_container_extras&quot;:&quot;no&quot;,&quot;_ob_column_hoveranimator&quot;:&quot;no&quot;,&quot;_ob_glider_is_slider&quot;:&quot;no&quot;,&quot;_ob_column_has_pseudo&quot;:&quot;no&quot;}\" data-core-v316-plus=\"true\">\n\t\t\t\t\t<div class=\"e-con-inner\">\n\t\t\t\t<div class=\"elementor-element elementor-element-a7b31fa ob-harakiri-inherit ob-has-background-overlay elementor-widget elementor-widget-heading\" data-id=\"a7b31fa\" data-element_type=\"widget\" data-settings=\"{&quot;_ob_use_harakiri&quot;:&quot;yes&quot;,&quot;_ob_harakiri_writing_mode&quot;:&quot;inherit&quot;,&quot;_ob_harakiri_text_clip&quot;:&quot;none&quot;,&quot;_ob_perspektive_use&quot;:&quot;no&quot;,&quot;_ob_poopart_use&quot;:&quot;yes&quot;,&quot;_ob_shadough_use&quot;:&quot;no&quot;,&quot;_ob_allow_hoveranimator&quot;:&quot;no&quot;,&quot;_ob_widget_stalker_use&quot;:&quot;no&quot;}\" data-widget_type=\"heading.default\">\n\t\t\t\t<div class=\"elementor-widget-container\">\n\t\t\t<h4 class=\"elementor-heading-title elementor-size-default\">CAMBIOS<\/h4>\t\t<\/div>\n\t\t\t\t<\/div>\n\t\t\t\t<div class=\"elementor-element elementor-element-91c49ac ob-harakiri-inherit ob-has-background-overlay elementor-widget elementor-widget-text-editor\" data-id=\"91c49ac\" data-element_type=\"widget\" data-settings=\"{&quot;_ob_use_harakiri&quot;:&quot;yes&quot;,&quot;_ob_harakiri_writing_mode&quot;:&quot;inherit&quot;,&quot;_ob_postman_use&quot;:&quot;no&quot;,&quot;_ob_perspektive_use&quot;:&quot;no&quot;,&quot;_ob_poopart_use&quot;:&quot;yes&quot;,&quot;_ob_shadough_use&quot;:&quot;no&quot;,&quot;_ob_allow_hoveranimator&quot;:&quot;no&quot;,&quot;_ob_widget_stalker_use&quot;:&quot;no&quot;}\" data-widget_type=\"text-editor.default\">\n\t\t\t\t<div class=\"elementor-widget-container\">\n\t\t\t<style>\/*! elementor - v3.18.0 - 20-12-2023 *\/\n.elementor-widget-text-editor.elementor-drop-cap-view-stacked .elementor-drop-cap{background-color:#69727d;color:#fff}.elementor-widget-text-editor.elementor-drop-cap-view-framed .elementor-drop-cap{color:#69727d;border:3px solid;background-color:transparent}.elementor-widget-text-editor:not(.elementor-drop-cap-view-default) .elementor-drop-cap{margin-top:8px}.elementor-widget-text-editor:not(.elementor-drop-cap-view-default) .elementor-drop-cap-letter{width:1em;height:1em}.elementor-widget-text-editor .elementor-drop-cap{float:left;text-align:center;line-height:1;font-size:50px}.elementor-widget-text-editor .elementor-drop-cap-letter{display:inline-block}<\/style>\t\t\t\t<p>En HAUSTELIER nos comprometemos a entregar el componente defectuoso en un lapso no mayor de 90 d\u00edas contados a partir de la fecha de<br \/>recepci\u00f3n del mismo en nuestros talleres de servicio, condici\u00f3n sujeta a disponibilidad de stock del producto a reemplazar dependiendo si el insumo es de industria nacional o importado. Asimismo, los tonos de colores, tramas, detalles u otros aspectos de fabricaci\u00f3n pueden variar dependiendo de las partidas de telas y disponibilidad de los productos.<\/p>\t\t\t\t\t\t<\/div>\n\t\t\t\t<\/div>\n\t\t\t\t<div class=\"elementor-element elementor-element-6d22840 elementor-widget-divider--view-line ob-has-background-overlay elementor-widget elementor-widget-divider\" data-id=\"6d22840\" data-element_type=\"widget\" data-settings=\"{&quot;_ob_perspektive_use&quot;:&quot;no&quot;,&quot;_ob_poopart_use&quot;:&quot;yes&quot;,&quot;_ob_shadough_use&quot;:&quot;no&quot;,&quot;_ob_allow_hoveranimator&quot;:&quot;no&quot;,&quot;_ob_widget_stalker_use&quot;:&quot;no&quot;}\" data-widget_type=\"divider.default\">\n\t\t\t\t<div class=\"elementor-widget-container\">\n\t\t\t<style>\/*! elementor - v3.18.0 - 20-12-2023 *\/\n.elementor-widget-divider{--divider-border-style:none;--divider-border-width:1px;--divider-color:#0c0d0e;--divider-icon-size:20px;--divider-element-spacing:10px;--divider-pattern-height:24px;--divider-pattern-size:20px;--divider-pattern-url:none;--divider-pattern-repeat:repeat-x}.elementor-widget-divider .elementor-divider{display:flex}.elementor-widget-divider .elementor-divider__text{font-size:15px;line-height:1;max-width:95%}.elementor-widget-divider .elementor-divider__element{margin:0 var(--divider-element-spacing);flex-shrink:0}.elementor-widget-divider .elementor-icon{font-size:var(--divider-icon-size)}.elementor-widget-divider .elementor-divider-separator{display:flex;margin:0;direction:ltr}.elementor-widget-divider--view-line_icon .elementor-divider-separator,.elementor-widget-divider--view-line_text .elementor-divider-separator{align-items:center}.elementor-widget-divider--view-line_icon .elementor-divider-separator:after,.elementor-widget-divider--view-line_icon .elementor-divider-separator:before,.elementor-widget-divider--view-line_text .elementor-divider-separator:after,.elementor-widget-divider--view-line_text .elementor-divider-separator:before{display:block;content:\"\";border-bottom:0;flex-grow:1;border-top:var(--divider-border-width) var(--divider-border-style) var(--divider-color)}.elementor-widget-divider--element-align-left .elementor-divider .elementor-divider-separator>.elementor-divider__svg:first-of-type{flex-grow:0;flex-shrink:100}.elementor-widget-divider--element-align-left .elementor-divider-separator:before{content:none}.elementor-widget-divider--element-align-left .elementor-divider__element{margin-left:0}.elementor-widget-divider--element-align-right .elementor-divider .elementor-divider-separator>.elementor-divider__svg:last-of-type{flex-grow:0;flex-shrink:100}.elementor-widget-divider--element-align-right .elementor-divider-separator:after{content:none}.elementor-widget-divider--element-align-right .elementor-divider__element{margin-right:0}.elementor-widget-divider:not(.elementor-widget-divider--view-line_text):not(.elementor-widget-divider--view-line_icon) .elementor-divider-separator{border-top:var(--divider-border-width) var(--divider-border-style) var(--divider-color)}.elementor-widget-divider--separator-type-pattern{--divider-border-style:none}.elementor-widget-divider--separator-type-pattern.elementor-widget-divider--view-line .elementor-divider-separator,.elementor-widget-divider--separator-type-pattern:not(.elementor-widget-divider--view-line) .elementor-divider-separator:after,.elementor-widget-divider--separator-type-pattern:not(.elementor-widget-divider--view-line) .elementor-divider-separator:before,.elementor-widget-divider--separator-type-pattern:not([class*=elementor-widget-divider--view]) .elementor-divider-separator{width:100%;min-height:var(--divider-pattern-height);-webkit-mask-size:var(--divider-pattern-size) 100%;mask-size:var(--divider-pattern-size) 100%;-webkit-mask-repeat:var(--divider-pattern-repeat);mask-repeat:var(--divider-pattern-repeat);background-color:var(--divider-color);-webkit-mask-image:var(--divider-pattern-url);mask-image:var(--divider-pattern-url)}.elementor-widget-divider--no-spacing{--divider-pattern-size:auto}.elementor-widget-divider--bg-round{--divider-pattern-repeat:round}.rtl .elementor-widget-divider .elementor-divider__text{direction:rtl}.e-con-inner>.elementor-widget-divider,.e-con>.elementor-widget-divider{width:var(--container-widget-width,100%);--flex-grow:var(--container-widget-flex-grow)}<\/style>\t\t<div class=\"elementor-divider\">\n\t\t\t<span class=\"elementor-divider-separator\">\n\t\t\t\t\t\t<\/span>\n\t\t<\/div>\n\t\t\t\t<\/div>\n\t\t\t\t<\/div>\n\t\t\t\t\t<\/div>\n\t\t\t\t<\/div>\n\t\t<div class=\"elementor-element elementor-element-14883a2 e-flex e-con-boxed e-con e-parent\" data-id=\"14883a2\" data-element_type=\"container\" data-settings=\"{&quot;content_width&quot;:&quot;boxed&quot;,&quot;_ob_use_container_extras&quot;:&quot;no&quot;,&quot;_ob_column_hoveranimator&quot;:&quot;no&quot;,&quot;_ob_glider_is_slider&quot;:&quot;no&quot;,&quot;_ob_column_has_pseudo&quot;:&quot;no&quot;}\" data-core-v316-plus=\"true\">\n\t\t\t\t\t<div class=\"e-con-inner\">\n\t\t\t\t<div class=\"elementor-element elementor-element-741e413 ob-harakiri-inherit ob-has-background-overlay elementor-widget elementor-widget-heading\" data-id=\"741e413\" data-element_type=\"widget\" data-settings=\"{&quot;_ob_use_harakiri&quot;:&quot;yes&quot;,&quot;_ob_harakiri_writing_mode&quot;:&quot;inherit&quot;,&quot;_ob_harakiri_text_clip&quot;:&quot;none&quot;,&quot;_ob_perspektive_use&quot;:&quot;no&quot;,&quot;_ob_poopart_use&quot;:&quot;yes&quot;,&quot;_ob_shadough_use&quot;:&quot;no&quot;,&quot;_ob_allow_hoveranimator&quot;:&quot;no&quot;,&quot;_ob_widget_stalker_use&quot;:&quot;no&quot;}\" data-widget_type=\"heading.default\">\n\t\t\t\t<div class=\"elementor-widget-container\">\n\t\t\t<h4 class=\"elementor-heading-title elementor-size-default\">DEVOLUCIONES<\/h4>\t\t<\/div>\n\t\t\t\t<\/div>\n\t\t\t\t<div class=\"elementor-element elementor-element-7741d02 ob-harakiri-inherit ob-has-background-overlay elementor-widget elementor-widget-text-editor\" data-id=\"7741d02\" data-element_type=\"widget\" data-settings=\"{&quot;_ob_use_harakiri&quot;:&quot;yes&quot;,&quot;_ob_harakiri_writing_mode&quot;:&quot;inherit&quot;,&quot;_ob_postman_use&quot;:&quot;no&quot;,&quot;_ob_perspektive_use&quot;:&quot;no&quot;,&quot;_ob_poopart_use&quot;:&quot;yes&quot;,&quot;_ob_shadough_use&quot;:&quot;no&quot;,&quot;_ob_allow_hoveranimator&quot;:&quot;no&quot;,&quot;_ob_widget_stalker_use&quot;:&quot;no&quot;}\" data-widget_type=\"text-editor.default\">\n\t\t\t\t<div class=\"elementor-widget-container\">\n\t\t\t\t\t\t\t<p>Toda compra realizada en nuestro sitio online tiene un plazo de devoluci\u00f3n de 10 d\u00edas una vez recibido el producto. Esto aplica espec\u00edficamente para los productos de \u00abCortinas Est\u00e1ndar\u00bb, mientras que todos los productos personalizados realizados \u00abA medida\u00bb para nuestros clientes, no tienen devoluci\u00f3n. Los gastos de traslado para su devoluci\u00f3n son a cargo del cliente.<\/p>\t\t\t\t\t\t<\/div>\n\t\t\t\t<\/div>\n\t\t\t\t\t<\/div>\n\t\t\t\t<\/div>\n\t\t\t\t\t\t\t<\/div>","protected":false},"excerpt":{"rendered":"<p>Pol\u00edticas de devoluci\u00f3n Inicio CAMBIOS En HAUSTELIER nos comprometemos a entregar el componente defectuoso en un lapso no mayor de 90 d\u00edas contados a partir de la fecha derecepci\u00f3n del mismo en nuestros talleres de servicio, condici\u00f3n sujeta a disponibilidad de stock del producto a reemplazar dependiendo si el insumo es de industria nacional o [&hellip;]<\/p>","protected":false},"author":1,"featured_media":0,"parent":0,"menu_order":0,"comment_status":"closed","ping_status":"closed","template":"","meta":{"_acf_changed":false,"inline_featured_image":false,"footnotes":""},"class_list":["post-8560","page","type-page","status-publish","hentry"],"acf":[],"yoast_head":"<!-- This site is optimized with the Yoast SEO plugin v26.6 - https:\/\/yoast.com\/wordpress\/plugins\/seo\/ -->\n<title>Pol\u00edticas de Devoluci\u00f3n - Haustelier<\/title>\n<meta name=\"robots\" content=\"index, follow, max-snippet:-1, max-image-preview:large, max-video-preview:-1\" \/>\n<link rel=\"canonical\" href=\"https:\/\/haustelier.com.ar\/en\/politicas-de-devolucion\/\" \/>\n<meta property=\"og:locale\" content=\"en_US\" \/>\n<meta property=\"og:type\" content=\"article\" \/>\n<meta property=\"og:title\" content=\"Pol\u00edticas de Devoluci\u00f3n - Haustelier\" \/>\n<meta property=\"og:description\" content=\"Pol\u00edticas de devoluci\u00f3n Inicio CAMBIOS En HAUSTELIER nos comprometemos a entregar el componente defectuoso en un lapso no mayor de 90 d\u00edas contados a partir de la fecha derecepci\u00f3n del mismo en nuestros talleres de servicio, condici\u00f3n sujeta a disponibilidad de stock del producto a reemplazar dependiendo si el insumo es de industria nacional o [&hellip;]\" \/>\n<meta property=\"og:url\" content=\"https:\/\/haustelier.com.ar\/en\/politicas-de-devolucion\/\" \/>\n<meta property=\"og:site_name\" content=\"Haustelier\" \/>\n<meta property=\"article:modified_time\" content=\"2024-02-09T19:42:33+00:00\" \/>\n<meta name=\"twitter:card\" content=\"summary_large_image\" \/>\n<meta name=\"twitter:label1\" content=\"Est. reading time\" \/>\n\t<meta name=\"twitter:data1\" content=\"1 minute\" \/>\n<script type=\"application\/ld+json\" class=\"yoast-schema-graph\">{\"@context\":\"https:\/\/schema.org\",\"@graph\":[{\"@type\":\"WebPage\",\"@id\":\"https:\/\/haustelier.com.ar\/politicas-de-devolucion\/\",\"url\":\"https:\/\/haustelier.com.ar\/politicas-de-devolucion\/\",\"name\":\"Pol\u00edticas de Devoluci\u00f3n - Haustelier\",\"isPartOf\":{\"@id\":\"https:\/\/haustelier.com.ar\/#website\"},\"datePublished\":\"2024-02-07T19:09:11+00:00\",\"dateModified\":\"2024-02-09T19:42:33+00:00\",\"breadcrumb\":{\"@id\":\"https:\/\/haustelier.com.ar\/politicas-de-devolucion\/#breadcrumb\"},\"inLanguage\":\"en-US\",\"potentialAction\":[{\"@type\":\"ReadAction\",\"target\":[\"https:\/\/haustelier.com.ar\/politicas-de-devolucion\/\"]}]},{\"@type\":\"BreadcrumbList\",\"@id\":\"https:\/\/haustelier.com.ar\/politicas-de-devolucion\/#breadcrumb\",\"itemListElement\":[{\"@type\":\"ListItem\",\"position\":1,\"name\":\"Home\",\"item\":\"https:\/\/haustelier.com.ar\/\"},{\"@type\":\"ListItem\",\"position\":2,\"name\":\"Pol\u00edticas de Devoluci\u00f3n\"}]},{\"@type\":\"WebSite\",\"@id\":\"https:\/\/haustelier.com.ar\/#website\",\"url\":\"https:\/\/haustelier.com.ar\/\",\"name\":\"Haustelier\",\"description\":\"Fabrica de Cortinas\",\"publisher\":{\"@id\":\"https:\/\/haustelier.com.ar\/#organization\"},\"potentialAction\":[{\"@type\":\"SearchAction\",\"target\":{\"@type\":\"EntryPoint\",\"urlTemplate\":\"https:\/\/haustelier.com.ar\/?s={search_term_string}\"},\"query-input\":{\"@type\":\"PropertyValueSpecification\",\"valueRequired\":true,\"valueName\":\"search_term_string\"}}],\"inLanguage\":\"en-US\"},{\"@type\":\"Organization\",\"@id\":\"https:\/\/haustelier.com.ar\/#organization\",\"name\":\"Haustelier\",\"url\":\"https:\/\/haustelier.com.ar\/\",\"logo\":{\"@type\":\"ImageObject\",\"inLanguage\":\"en-US\",\"@id\":\"https:\/\/haustelier.com.ar\/#\/schema\/logo\/image\/\",\"url\":\"https:\/\/haustelier.com.ar\/wp-content\/uploads\/2024\/04\/cropped-logos-haustelier_800x-600-e1713378720964.png\",\"contentUrl\":\"https:\/\/haustelier.com.ar\/wp-content\/uploads\/2024\/04\/cropped-logos-haustelier_800x-600-e1713378720964.png\",\"width\":934,\"height\":255,\"caption\":\"Haustelier\"},\"image\":{\"@id\":\"https:\/\/haustelier.com.ar\/#\/schema\/logo\/image\/\"}}]}<\/script>\n<!-- \/ Yoast SEO plugin. -->","yoast_head_json":{"title":"Pol\u00edticas de Devoluci\u00f3n - Haustelier","robots":{"index":"index","follow":"follow","max-snippet":"max-snippet:-1","max-image-preview":"max-image-preview:large","max-video-preview":"max-video-preview:-1"},"canonical":"https:\/\/haustelier.com.ar\/en\/politicas-de-devolucion\/","og_locale":"en_US","og_type":"article","og_title":"Pol\u00edticas de Devoluci\u00f3n - Haustelier","og_description":"Pol\u00edticas de devoluci\u00f3n Inicio CAMBIOS En HAUSTELIER nos comprometemos a entregar el componente defectuoso en un lapso no mayor de 90 d\u00edas contados a partir de la fecha derecepci\u00f3n del mismo en nuestros talleres de servicio, condici\u00f3n sujeta a disponibilidad de stock del producto a reemplazar dependiendo si el insumo es de industria nacional o [&hellip;]","og_url":"https:\/\/haustelier.com.ar\/en\/politicas-de-devolucion\/","og_site_name":"Haustelier","article_modified_time":"2024-02-09T19:42:33+00:00","twitter_card":"summary_large_image","twitter_misc":{"Est. reading time":"1 minute"},"schema":{"@context":"https:\/\/schema.org","@graph":[{"@type":"WebPage","@id":"https:\/\/haustelier.com.ar\/politicas-de-devolucion\/","url":"https:\/\/haustelier.com.ar\/politicas-de-devolucion\/","name":"Pol\u00edticas de Devoluci\u00f3n - Haustelier","isPartOf":{"@id":"https:\/\/haustelier.com.ar\/#website"},"datePublished":"2024-02-07T19:09:11+00:00","dateModified":"2024-02-09T19:42:33+00:00","breadcrumb":{"@id":"https:\/\/haustelier.com.ar\/politicas-de-devolucion\/#breadcrumb"},"inLanguage":"en-US","potentialAction":[{"@type":"ReadAction","target":["https:\/\/haustelier.com.ar\/politicas-de-devolucion\/"]}]},{"@type":"BreadcrumbList","@id":"https:\/\/haustelier.com.ar\/politicas-de-devolucion\/#breadcrumb","itemListElement":[{"@type":"ListItem","position":1,"name":"Home","item":"https:\/\/haustelier.com.ar\/"},{"@type":"ListItem","position":2,"name":"Pol\u00edticas de Devoluci\u00f3n"}]},{"@type":"WebSite","@id":"https:\/\/haustelier.com.ar\/#website","url":"https:\/\/haustelier.com.ar\/","name":"Haustelier","description":"Fabrica de Cortinas","publisher":{"@id":"https:\/\/haustelier.com.ar\/#organization"},"potentialAction":[{"@type":"SearchAction","target":{"@type":"EntryPoint","urlTemplate":"https:\/\/haustelier.com.ar\/?s={search_term_string}"},"query-input":{"@type":"PropertyValueSpecification","valueRequired":true,"valueName":"search_term_string"}}],"inLanguage":"en-US"},{"@type":"Organization","@id":"https:\/\/haustelier.com.ar\/#organization","name":"Haustelier","url":"https:\/\/haustelier.com.ar\/","logo":{"@type":"ImageObject","inLanguage":"en-US","@id":"https:\/\/haustelier.com.ar\/#\/schema\/logo\/image\/","url":"https:\/\/haustelier.com.ar\/wp-content\/uploads\/2024\/04\/cropped-logos-haustelier_800x-600-e1713378720964.png","contentUrl":"https:\/\/haustelier.com.ar\/wp-content\/uploads\/2024\/04\/cropped-logos-haustelier_800x-600-e1713378720964.png","width":934,"height":255,"caption":"Haustelier"},"image":{"@id":"https:\/\/haustelier.com.ar\/#\/schema\/logo\/image\/"}}]}},"_links":{"self":[{"href":"https:\/\/haustelier.com.ar\/en\/wp-json\/wp\/v2\/pages\/8560","targetHints":{"allow":["GET"]}}],"collection":[{"href":"https:\/\/haustelier.com.ar\/en\/wp-json\/wp\/v2\/pages"}],"about":[{"href":"https:\/\/haustelier.com.ar\/en\/wp-json\/wp\/v2\/types\/page"}],"author":[{"embeddable":true,"href":"https:\/\/haustelier.com.ar\/en\/wp-json\/wp\/v2\/users\/1"}],"replies":[{"embeddable":true,"href":"https:\/\/haustelier.com.ar\/en\/wp-json\/wp\/v2\/comments?post=8560"}],"version-history":[{"count":19,"href":"https:\/\/haustelier.com.ar\/en\/wp-json\/wp\/v2\/pages\/8560\/revisions"}],"predecessor-version":[{"id":8751,"href":"https:\/\/haustelier.com.ar\/en\/wp-json\/wp\/v2\/pages\/8560\/revisions\/8751"}],"wp:attachment":[{"href":"https:\/\/haustelier.com.ar\/en\/wp-json\/wp\/v2\/media?parent=8560"}],"curies":[{"name":"wp","href":"https:\/\/api.w.org\/{rel}","templated":true}]}}