{"id":8135,"date":"2024-01-25T13:32:38","date_gmt":"2024-01-25T16:32:38","guid":{"rendered":"https:\/\/haustelier.com.ar\/?post_type=product&#038;p=8135"},"modified":"2025-11-03T18:33:18","modified_gmt":"2025-11-03T21:33:18","slug":"cortinas-roller-blackout","status":"publish","type":"product","link":"https:\/\/haustelier.com.ar\/en\/product\/cortinas-roller-blackout\/","title":{"rendered":"Cortina Roller Black Out"},"content":{"rendered":"<p><strong>Cortina Blackout 100% Oscuridad \u2013 Fibra de Vidrio: Duerme Sin Interrupciones<\/strong><\/p>\n<p><em>\u00bfEl sol de la ma\u00f1ana o las luces de la calle no te dejan descansar? Nuestra\u00a0<strong>Cortina Roller Blackout 100% Oscuridad<\/strong>, fabricada en\u00a0<strong>fibra de vidrio ultraresistente<\/strong>, bloquea\u00a0<strong>toda la luz exterior<\/strong>\u00a0y reduce el ruido, creando un ambiente perfecto para dormir, ver pel\u00edculas o trabajar sin distracciones. \u00a1Adi\u00f3s a las ma\u00f1anas molestas!<\/em><\/p>\n<p>\u2714\u00a0<strong>100% opacidad:<\/strong>\u00a0<strong>Cero filtros de luz<\/strong>\u00a0\u2013 ideal para\u00a0<strong>dormitorios o ambientes similares.<\/strong><br \/>\n\u2714\u00a0<strong>Fibra de vidrio:<\/strong> <strong>Resistente a rasgaduras, humedad y deformaciones<\/strong>\u00a0(mayor durabilidad que telas comunes).<br \/>\n\u2714\u00a0<strong>Aislamiento ac\u00fastico:<\/strong> Reduce el ruido exterior hasta en un 3<strong>0%<\/strong>.<br \/>\n\u2714\u00a0<strong>Limpieza f\u00e1cil:<\/strong>\u00a0Material\u00a0<strong>antipolvo y lavable<\/strong>\u00a0(solo necesita un pa\u00f1o h\u00famedo).<br \/>\n\u2714\u00a0<strong>A medida:<\/strong>\u00a0Disponible en\u00a0<strong>m\u00faltiples colores y medidas<\/strong><\/p>\n<p>Utilizamos un Blackout de primera calidad. 100% de opacidad (no pasa el sol).<\/p>\n<p>Datos t\u00e9cnicos: Blackout 480 grs\/m2 &#8211; 30% Fibra de Vidrio &#8211; 70% PVC (<strong>No es de Poli\u00e9ster que es de menor calidad &#8211; comparar con otras marcas<\/strong>).<\/p>\n<p>Tratamiento Anti hongo y antibacteriano.<\/p>\n<p>100% Lavables<\/p>\n<p>Z\u00f3calos de aluminio forrados (no a la vista), para una terminaci\u00f3n premium.<\/p>\n<p>Soportes met\u00e1licos de alta resistencia.<\/p>","protected":false},"excerpt":{"rendered":"<p>Las cortinas roller blackout son ideales para quienes quieren conseguir un ambiente completamente oscuro. Act\u00faan como puente t\u00e9rmico y ac\u00fastico, bloqueando el 100% de la luz por su composici\u00f3n y ayudando a aislar el ambiente de las temperaturas exteriores y del ruido de la calle.<\/p>\n<p>Plazo de fabricaci\u00f3n 10 d\u00edas habiles<\/p>","protected":false},"featured_media":9065,"comment_status":"open","ping_status":"closed","template":"","meta":{"_acf_changed":false,"inline_featured_image":false},"product_cat":[63],"product_tag":[],"class_list":{"0":"post-8135","1":"product","2":"type-product","3":"status-publish","4":"has-post-thumbnail","6":"product_cat-black-out","8":"first","9":"instock","10":"sale","11":"shipping-taxable","12":"purchasable","13":"product-type-variable"},"acf":[],"yoast_head":"<!-- This site is optimized with the Yoast SEO plugin v26.6 - https:\/\/yoast.com\/wordpress\/plugins\/seo\/ -->\n<title>Cortinas Roller Blackout 100% Oscuridad | Fibra de Vidrio | Haustelier<\/title>\n<meta name=\"description\" content=\"Cortinas Blackout 100% oscuridad: elimina toda la luz y reduce ruidos. \u2714\ufe0f Ideal para dormitorios. \u2714\ufe0f Durabilidad extrema.\u2714\ufe0fEnvio gratis \u00a1Cotiza la tuya!\" \/>\n<meta name=\"robots\" content=\"index, follow, max-snippet:-1, max-image-preview:large, max-video-preview:-1\" \/>\n<link rel=\"canonical\" href=\"https:\/\/haustelier.com.ar\/en\/product\/cortinas-roller-blackout\/\" \/>\n<meta property=\"og:locale\" content=\"en_US\" \/>\n<meta property=\"og:type\" content=\"article\" \/>\n<meta property=\"og:title\" content=\"Cortinas Roller Blackout 100% Oscuridad | Fibra de Vidrio | Haustelier\" \/>\n<meta property=\"og:description\" content=\"Cortinas Blackout 100% oscuridad: elimina toda la luz y reduce ruidos. \u2714\ufe0f Ideal para dormitorios. \u2714\ufe0f Durabilidad extrema.\u2714\ufe0fEnvio gratis \u00a1Cotiza la tuya!\" \/>\n<meta property=\"og:url\" content=\"https:\/\/haustelier.com.ar\/en\/product\/cortinas-roller-blackout\/\" \/>\n<meta property=\"og:site_name\" content=\"Haustelier\" \/>\n<meta property=\"article:modified_time\" content=\"2025-11-03T21:33:18+00:00\" \/>\n<meta property=\"og:image\" content=\"https:\/\/haustelier.com.ar\/wp-content\/uploads\/2024\/01\/Roller-Blackout-Blanca-1.jpg\" \/>\n\t<meta property=\"og:image:width\" content=\"1920\" \/>\n\t<meta property=\"og:image:height\" content=\"1920\" \/>\n\t<meta property=\"og:image:type\" content=\"image\/jpeg\" \/>\n<meta name=\"twitter:card\" content=\"summary_large_image\" \/>\n<meta name=\"twitter:label1\" content=\"Est. reading time\" \/>\n\t<meta name=\"twitter:data1\" content=\"2 minutes\" \/>\n<script type=\"application\/ld+json\" class=\"yoast-schema-graph\">{\"@context\":\"https:\/\/schema.org\",\"@graph\":[{\"@type\":\"WebPage\",\"@id\":\"https:\/\/haustelier.com.ar\/producto\/cortinas-roller-blackout\/\",\"url\":\"https:\/\/haustelier.com.ar\/producto\/cortinas-roller-blackout\/\",\"name\":\"Cortinas Roller Blackout 100% Oscuridad | Fibra de Vidrio | Haustelier\",\"isPartOf\":{\"@id\":\"https:\/\/haustelier.com.ar\/#website\"},\"primaryImageOfPage\":{\"@id\":\"https:\/\/haustelier.com.ar\/producto\/cortinas-roller-blackout\/#primaryimage\"},\"image\":{\"@id\":\"https:\/\/haustelier.com.ar\/producto\/cortinas-roller-blackout\/#primaryimage\"},\"thumbnailUrl\":\"https:\/\/haustelier.com.ar\/wp-content\/uploads\/2024\/01\/Roller-Blackout-Blanca-1.jpg\",\"datePublished\":\"2024-01-25T16:32:38+00:00\",\"dateModified\":\"2025-11-03T21:33:18+00:00\",\"description\":\"Cortinas Blackout 100% oscuridad: elimina toda la luz y reduce ruidos. \u2714\ufe0f Ideal para dormitorios. \u2714\ufe0f Durabilidad extrema.\u2714\ufe0fEnvio gratis \u00a1Cotiza la tuya!\",\"breadcrumb\":{\"@id\":\"https:\/\/haustelier.com.ar\/producto\/cortinas-roller-blackout\/#breadcrumb\"},\"inLanguage\":\"en-US\",\"potentialAction\":[{\"@type\":\"ReadAction\",\"target\":[\"https:\/\/haustelier.com.ar\/producto\/cortinas-roller-blackout\/\"]}]},{\"@type\":\"ImageObject\",\"inLanguage\":\"en-US\",\"@id\":\"https:\/\/haustelier.com.ar\/producto\/cortinas-roller-blackout\/#primaryimage\",\"url\":\"https:\/\/haustelier.com.ar\/wp-content\/uploads\/2024\/01\/Roller-Blackout-Blanca-1.jpg\",\"contentUrl\":\"https:\/\/haustelier.com.ar\/wp-content\/uploads\/2024\/01\/Roller-Blackout-Blanca-1.jpg\",\"width\":1920,\"height\":1920},{\"@type\":\"BreadcrumbList\",\"@id\":\"https:\/\/haustelier.com.ar\/producto\/cortinas-roller-blackout\/#breadcrumb\",\"itemListElement\":[{\"@type\":\"ListItem\",\"position\":1,\"name\":\"Home\",\"item\":\"https:\/\/haustelier.com.ar\/\"},{\"@type\":\"ListItem\",\"position\":2,\"name\":\"Ver Todo\",\"item\":\"https:\/\/haustelier.com.ar\/tienda-cortinas-a-medida\/\"},{\"@type\":\"ListItem\",\"position\":3,\"name\":\"Cortina Roller Black Out\"}]},{\"@type\":\"WebSite\",\"@id\":\"https:\/\/haustelier.com.ar\/#website\",\"url\":\"https:\/\/haustelier.com.ar\/\",\"name\":\"Haustelier\",\"description\":\"Fabrica de Cortinas\",\"publisher\":{\"@id\":\"https:\/\/haustelier.com.ar\/#organization\"},\"potentialAction\":[{\"@type\":\"SearchAction\",\"target\":{\"@type\":\"EntryPoint\",\"urlTemplate\":\"https:\/\/haustelier.com.ar\/?s={search_term_string}\"},\"query-input\":{\"@type\":\"PropertyValueSpecification\",\"valueRequired\":true,\"valueName\":\"search_term_string\"}}],\"inLanguage\":\"en-US\"},{\"@type\":\"Organization\",\"@id\":\"https:\/\/haustelier.com.ar\/#organization\",\"name\":\"Haustelier\",\"url\":\"https:\/\/haustelier.com.ar\/\",\"logo\":{\"@type\":\"ImageObject\",\"inLanguage\":\"en-US\",\"@id\":\"https:\/\/haustelier.com.ar\/#\/schema\/logo\/image\/\",\"url\":\"https:\/\/haustelier.com.ar\/wp-content\/uploads\/2024\/04\/cropped-logos-haustelier_800x-600-e1713378720964.png\",\"contentUrl\":\"https:\/\/haustelier.com.ar\/wp-content\/uploads\/2024\/04\/cropped-logos-haustelier_800x-600-e1713378720964.png\",\"width\":934,\"height\":255,\"caption\":\"Haustelier\"},\"image\":{\"@id\":\"https:\/\/haustelier.com.ar\/#\/schema\/logo\/image\/\"}}]}<\/script>\n<!-- \/ Yoast SEO plugin. -->","yoast_head_json":{"title":"Cortinas Roller Blackout 100% Oscuridad | Fibra de Vidrio | Haustelier","description":"Cortinas Blackout 100% oscuridad: elimina toda la luz y reduce ruidos. \u2714\ufe0f Ideal para dormitorios. \u2714\ufe0f Durabilidad extrema.\u2714\ufe0fEnvio gratis \u00a1Cotiza la tuya!","robots":{"index":"index","follow":"follow","max-snippet":"max-snippet:-1","max-image-preview":"max-image-preview:large","max-video-preview":"max-video-preview:-1"},"canonical":"https:\/\/haustelier.com.ar\/en\/product\/cortinas-roller-blackout\/","og_locale":"en_US","og_type":"article","og_title":"Cortinas Roller Blackout 100% Oscuridad | Fibra de Vidrio | Haustelier","og_description":"Cortinas Blackout 100% oscuridad: elimina toda la luz y reduce ruidos. \u2714\ufe0f Ideal para dormitorios. \u2714\ufe0f Durabilidad extrema.\u2714\ufe0fEnvio gratis \u00a1Cotiza la tuya!","og_url":"https:\/\/haustelier.com.ar\/en\/product\/cortinas-roller-blackout\/","og_site_name":"Haustelier","article_modified_time":"2025-11-03T21:33:18+00:00","og_image":[{"width":1920,"height":1920,"url":"https:\/\/haustelier.com.ar\/wp-content\/uploads\/2024\/01\/Roller-Blackout-Blanca-1.jpg","type":"image\/jpeg"}],"twitter_card":"summary_large_image","twitter_misc":{"Est. reading time":"2 minutes"},"schema":{"@context":"https:\/\/schema.org","@graph":[{"@type":"WebPage","@id":"https:\/\/haustelier.com.ar\/producto\/cortinas-roller-blackout\/","url":"https:\/\/haustelier.com.ar\/producto\/cortinas-roller-blackout\/","name":"Cortinas Roller Blackout 100% Oscuridad | Fibra de Vidrio | Haustelier","isPartOf":{"@id":"https:\/\/haustelier.com.ar\/#website"},"primaryImageOfPage":{"@id":"https:\/\/haustelier.com.ar\/producto\/cortinas-roller-blackout\/#primaryimage"},"image":{"@id":"https:\/\/haustelier.com.ar\/producto\/cortinas-roller-blackout\/#primaryimage"},"thumbnailUrl":"https:\/\/haustelier.com.ar\/wp-content\/uploads\/2024\/01\/Roller-Blackout-Blanca-1.jpg","datePublished":"2024-01-25T16:32:38+00:00","dateModified":"2025-11-03T21:33:18+00:00","description":"Cortinas Blackout 100% oscuridad: elimina toda la luz y reduce ruidos. \u2714\ufe0f Ideal para dormitorios. \u2714\ufe0f Durabilidad extrema.\u2714\ufe0fEnvio gratis \u00a1Cotiza la tuya!","breadcrumb":{"@id":"https:\/\/haustelier.com.ar\/producto\/cortinas-roller-blackout\/#breadcrumb"},"inLanguage":"en-US","potentialAction":[{"@type":"ReadAction","target":["https:\/\/haustelier.com.ar\/producto\/cortinas-roller-blackout\/"]}]},{"@type":"ImageObject","inLanguage":"en-US","@id":"https:\/\/haustelier.com.ar\/producto\/cortinas-roller-blackout\/#primaryimage","url":"https:\/\/haustelier.com.ar\/wp-content\/uploads\/2024\/01\/Roller-Blackout-Blanca-1.jpg","contentUrl":"https:\/\/haustelier.com.ar\/wp-content\/uploads\/2024\/01\/Roller-Blackout-Blanca-1.jpg","width":1920,"height":1920},{"@type":"BreadcrumbList","@id":"https:\/\/haustelier.com.ar\/producto\/cortinas-roller-blackout\/#breadcrumb","itemListElement":[{"@type":"ListItem","position":1,"name":"Home","item":"https:\/\/haustelier.com.ar\/"},{"@type":"ListItem","position":2,"name":"Ver Todo","item":"https:\/\/haustelier.com.ar\/tienda-cortinas-a-medida\/"},{"@type":"ListItem","position":3,"name":"Cortina Roller Black Out"}]},{"@type":"WebSite","@id":"https:\/\/haustelier.com.ar\/#website","url":"https:\/\/haustelier.com.ar\/","name":"Haustelier","description":"Fabrica de Cortinas","publisher":{"@id":"https:\/\/haustelier.com.ar\/#organization"},"potentialAction":[{"@type":"SearchAction","target":{"@type":"EntryPoint","urlTemplate":"https:\/\/haustelier.com.ar\/?s={search_term_string}"},"query-input":{"@type":"PropertyValueSpecification","valueRequired":true,"valueName":"search_term_string"}}],"inLanguage":"en-US"},{"@type":"Organization","@id":"https:\/\/haustelier.com.ar\/#organization","name":"Haustelier","url":"https:\/\/haustelier.com.ar\/","logo":{"@type":"ImageObject","inLanguage":"en-US","@id":"https:\/\/haustelier.com.ar\/#\/schema\/logo\/image\/","url":"https:\/\/haustelier.com.ar\/wp-content\/uploads\/2024\/04\/cropped-logos-haustelier_800x-600-e1713378720964.png","contentUrl":"https:\/\/haustelier.com.ar\/wp-content\/uploads\/2024\/04\/cropped-logos-haustelier_800x-600-e1713378720964.png","width":934,"height":255,"caption":"Haustelier"},"image":{"@id":"https:\/\/haustelier.com.ar\/#\/schema\/logo\/image\/"}}]}},"_links":{"self":[{"href":"https:\/\/haustelier.com.ar\/en\/wp-json\/wp\/v2\/product\/8135","targetHints":{"allow":["GET"]}}],"collection":[{"href":"https:\/\/haustelier.com.ar\/en\/wp-json\/wp\/v2\/product"}],"about":[{"href":"https:\/\/haustelier.com.ar\/en\/wp-json\/wp\/v2\/types\/product"}],"replies":[{"embeddable":true,"href":"https:\/\/haustelier.com.ar\/en\/wp-json\/wp\/v2\/comments?post=8135"}],"wp:featuredmedia":[{"embeddable":true,"href":"https:\/\/haustelier.com.ar\/en\/wp-json\/wp\/v2\/media\/9065"}],"wp:attachment":[{"href":"https:\/\/haustelier.com.ar\/en\/wp-json\/wp\/v2\/media?parent=8135"}],"wp:term":[{"taxonomy":"product_cat","embeddable":true,"href":"https:\/\/haustelier.com.ar\/en\/wp-json\/wp\/v2\/product_cat?post=8135"},{"taxonomy":"product_tag","embeddable":true,"href":"https:\/\/haustelier.com.ar\/en\/wp-json\/wp\/v2\/product_tag?post=8135"}],"curies":[{"name":"wp","href":"https:\/\/api.w.org\/{rel}","templated":true}]}}