{"id":8805,"date":"2024-02-15T17:49:15","date_gmt":"2024-02-15T20:49:15","guid":{"rendered":"https:\/\/haustelier.com.ar\/?post_type=product&#038;p=8805"},"modified":"2026-03-07T15:13:25","modified_gmt":"2026-03-07T18:13:25","slug":"paneles-orientales","status":"publish","type":"product","link":"https:\/\/haustelier.com.ar\/en\/product\/paneles-orientales\/","title":{"rendered":"Cortinas Panel Oriental"},"content":{"rendered":"<p><em>Paneles Orientales Blackout o Sunscreen: Dise\u00f1o Minimalista con Prop\u00f3sito<\/em><\/p>\n<p>Los paneles orientales son cortinas de paneles corredizos. Dependiendo del tipo de cerramiento y de las caracter\u00edsticas del ambiente, este tipo de cortina puede ser ideal, ya que no ocupa espacio en la parte superior de la abertura.<\/p>\n<p><em>\u00bfQuieres\u00a0<strong>darle un estilo \u00fanico a tus ventanas<\/strong>\u00a0y controlar la luz al mismo tiempo? Nuestros\u00a0<strong>paneles orientales<\/strong>\u00a0combinan la\u00a0<strong>est\u00e9tica japonesa<\/strong>\u00a0con tecnolog\u00eda moderna: elige entre tejido\u00a0<strong>blackout para oscuridad total<\/strong>\u00a0o\u00a0<strong>sunscreen para filtrar la luz natural<\/strong>.\u00a0<\/em><\/p>\n<p>\u2714\u00a0<strong>Materiales premium:<\/strong> Estructura ligera pero resistente + tejido durable.<br \/>\n\u2714\u00a0<strong>Personalizaci\u00f3n:<\/strong> Altura y ancho adaptables, colores y tejidos a eleccion.<br \/>\n\u2714\u00a0<strong>F\u00e1cil instalaci\u00f3n:<\/strong> Sistema de rieles + paneles.<br \/>\n\u2714\u00a0<strong>Multiusos:<\/strong>\u00a0Como\u00a0<strong>cortina para ventanales<\/strong>, divisor de espacios.<\/p>\n<p>Viene con todos los materiales necesarios para su instalacion.<\/p>","protected":false},"excerpt":{"rendered":"<p>Los paneles orientales son cortinas de paneles corredizos. Dependiendo del tipo de cerramiento y de las caracter\u00edsticas del ambiente, este tipo de cortina puede ser ideal, ya que no ocupa espacio en la parte superior de la abertura.<\/p>\n<p>Plazo de fabricaci\u00f3n 10 d\u00edas h\u00e1biles<\/p>","protected":false},"featured_media":8919,"comment_status":"open","ping_status":"closed","template":"","meta":{"_acf_changed":false,"inline_featured_image":false},"product_cat":[67],"product_tag":[],"class_list":{"0":"post-8805","1":"product","2":"type-product","3":"status-publish","4":"has-post-thumbnail","6":"product_cat-panel-oriental","8":"first","9":"instock","10":"sale","11":"shipping-taxable","12":"purchasable","13":"product-type-variable"},"acf":[],"yoast_head":"<!-- This site is optimized with the Yoast SEO plugin v26.6 - https:\/\/yoast.com\/wordpress\/plugins\/seo\/ -->\n<title>Paneles Orientales Blackout o Sunscreen | Dise\u00f1o | Haustelier<\/title>\n<meta name=\"description\" content=\"Paneles orientales elegantes y multifuncionales. \u2714\ufe0f Opci\u00f3n blackout (100% oscuridad) o sunscreen (privacidad). \u2714\ufe0f Envio gratis. \u00a1Cotiza el tuyo!\" \/>\n<meta name=\"robots\" content=\"index, follow, max-snippet:-1, max-image-preview:large, max-video-preview:-1\" \/>\n<link rel=\"canonical\" href=\"https:\/\/haustelier.com.ar\/en\/product\/paneles-orientales\/\" \/>\n<meta property=\"og:locale\" content=\"en_US\" \/>\n<meta property=\"og:type\" content=\"article\" \/>\n<meta property=\"og:title\" content=\"Paneles Orientales Blackout o Sunscreen | Dise\u00f1o | Haustelier\" \/>\n<meta property=\"og:description\" content=\"Paneles orientales elegantes y multifuncionales. \u2714\ufe0f Opci\u00f3n blackout (100% oscuridad) o sunscreen (privacidad). \u2714\ufe0f Envio gratis. \u00a1Cotiza el tuyo!\" \/>\n<meta property=\"og:url\" content=\"https:\/\/haustelier.com.ar\/en\/product\/paneles-orientales\/\" \/>\n<meta property=\"og:site_name\" content=\"Haustelier\" \/>\n<meta property=\"article:modified_time\" content=\"2026-03-07T18:13:25+00:00\" \/>\n<meta property=\"og:image\" content=\"https:\/\/haustelier.com.ar\/wp-content\/uploads\/2024\/02\/Panel-oriental-produco.png\" \/>\n\t<meta property=\"og:image:width\" content=\"724\" \/>\n\t<meta property=\"og:image:height\" content=\"750\" \/>\n\t<meta property=\"og:image:type\" content=\"image\/png\" \/>\n<meta name=\"twitter:card\" content=\"summary_large_image\" \/>\n<meta name=\"twitter:label1\" content=\"Est. reading time\" \/>\n\t<meta name=\"twitter:data1\" content=\"1 minute\" \/>\n<script type=\"application\/ld+json\" class=\"yoast-schema-graph\">{\"@context\":\"https:\/\/schema.org\",\"@graph\":[{\"@type\":\"WebPage\",\"@id\":\"https:\/\/haustelier.com.ar\/producto\/paneles-orientales\/\",\"url\":\"https:\/\/haustelier.com.ar\/producto\/paneles-orientales\/\",\"name\":\"Paneles Orientales Blackout o Sunscreen | Dise\u00f1o | Haustelier\",\"isPartOf\":{\"@id\":\"https:\/\/haustelier.com.ar\/#website\"},\"primaryImageOfPage\":{\"@id\":\"https:\/\/haustelier.com.ar\/producto\/paneles-orientales\/#primaryimage\"},\"image\":{\"@id\":\"https:\/\/haustelier.com.ar\/producto\/paneles-orientales\/#primaryimage\"},\"thumbnailUrl\":\"https:\/\/haustelier.com.ar\/wp-content\/uploads\/2024\/02\/Panel-oriental-produco.png\",\"datePublished\":\"2024-02-15T20:49:15+00:00\",\"dateModified\":\"2026-03-07T18:13:25+00:00\",\"description\":\"Paneles orientales elegantes y multifuncionales. \u2714\ufe0f Opci\u00f3n blackout (100% oscuridad) o sunscreen (privacidad). \u2714\ufe0f Envio gratis. \u00a1Cotiza el tuyo!\",\"breadcrumb\":{\"@id\":\"https:\/\/haustelier.com.ar\/producto\/paneles-orientales\/#breadcrumb\"},\"inLanguage\":\"en-US\",\"potentialAction\":[{\"@type\":\"ReadAction\",\"target\":[\"https:\/\/haustelier.com.ar\/producto\/paneles-orientales\/\"]}]},{\"@type\":\"ImageObject\",\"inLanguage\":\"en-US\",\"@id\":\"https:\/\/haustelier.com.ar\/producto\/paneles-orientales\/#primaryimage\",\"url\":\"https:\/\/haustelier.com.ar\/wp-content\/uploads\/2024\/02\/Panel-oriental-produco.png\",\"contentUrl\":\"https:\/\/haustelier.com.ar\/wp-content\/uploads\/2024\/02\/Panel-oriental-produco.png\",\"width\":724,\"height\":750},{\"@type\":\"BreadcrumbList\",\"@id\":\"https:\/\/haustelier.com.ar\/producto\/paneles-orientales\/#breadcrumb\",\"itemListElement\":[{\"@type\":\"ListItem\",\"position\":1,\"name\":\"Home\",\"item\":\"https:\/\/haustelier.com.ar\/\"},{\"@type\":\"ListItem\",\"position\":2,\"name\":\"Ver Todo\",\"item\":\"https:\/\/haustelier.com.ar\/tienda-cortinas-a-medida\/\"},{\"@type\":\"ListItem\",\"position\":3,\"name\":\"Cortinas Panel Oriental\"}]},{\"@type\":\"WebSite\",\"@id\":\"https:\/\/haustelier.com.ar\/#website\",\"url\":\"https:\/\/haustelier.com.ar\/\",\"name\":\"Haustelier\",\"description\":\"Fabrica de Cortinas\",\"publisher\":{\"@id\":\"https:\/\/haustelier.com.ar\/#organization\"},\"potentialAction\":[{\"@type\":\"SearchAction\",\"target\":{\"@type\":\"EntryPoint\",\"urlTemplate\":\"https:\/\/haustelier.com.ar\/?s={search_term_string}\"},\"query-input\":{\"@type\":\"PropertyValueSpecification\",\"valueRequired\":true,\"valueName\":\"search_term_string\"}}],\"inLanguage\":\"en-US\"},{\"@type\":\"Organization\",\"@id\":\"https:\/\/haustelier.com.ar\/#organization\",\"name\":\"Haustelier\",\"url\":\"https:\/\/haustelier.com.ar\/\",\"logo\":{\"@type\":\"ImageObject\",\"inLanguage\":\"en-US\",\"@id\":\"https:\/\/haustelier.com.ar\/#\/schema\/logo\/image\/\",\"url\":\"https:\/\/haustelier.com.ar\/wp-content\/uploads\/2024\/04\/cropped-logos-haustelier_800x-600-e1713378720964.png\",\"contentUrl\":\"https:\/\/haustelier.com.ar\/wp-content\/uploads\/2024\/04\/cropped-logos-haustelier_800x-600-e1713378720964.png\",\"width\":934,\"height\":255,\"caption\":\"Haustelier\"},\"image\":{\"@id\":\"https:\/\/haustelier.com.ar\/#\/schema\/logo\/image\/\"}}]}<\/script>\n<!-- \/ Yoast SEO plugin. -->","yoast_head_json":{"title":"Paneles Orientales Blackout o Sunscreen | Dise\u00f1o | Haustelier","description":"Paneles orientales elegantes y multifuncionales. \u2714\ufe0f Opci\u00f3n blackout (100% oscuridad) o sunscreen (privacidad). \u2714\ufe0f Envio gratis. \u00a1Cotiza el tuyo!","robots":{"index":"index","follow":"follow","max-snippet":"max-snippet:-1","max-image-preview":"max-image-preview:large","max-video-preview":"max-video-preview:-1"},"canonical":"https:\/\/haustelier.com.ar\/en\/product\/paneles-orientales\/","og_locale":"en_US","og_type":"article","og_title":"Paneles Orientales Blackout o Sunscreen | Dise\u00f1o | Haustelier","og_description":"Paneles orientales elegantes y multifuncionales. \u2714\ufe0f Opci\u00f3n blackout (100% oscuridad) o sunscreen (privacidad). \u2714\ufe0f Envio gratis. \u00a1Cotiza el tuyo!","og_url":"https:\/\/haustelier.com.ar\/en\/product\/paneles-orientales\/","og_site_name":"Haustelier","article_modified_time":"2026-03-07T18:13:25+00:00","og_image":[{"width":724,"height":750,"url":"https:\/\/haustelier.com.ar\/wp-content\/uploads\/2024\/02\/Panel-oriental-produco.png","type":"image\/png"}],"twitter_card":"summary_large_image","twitter_misc":{"Est. reading time":"1 minute"},"schema":{"@context":"https:\/\/schema.org","@graph":[{"@type":"WebPage","@id":"https:\/\/haustelier.com.ar\/producto\/paneles-orientales\/","url":"https:\/\/haustelier.com.ar\/producto\/paneles-orientales\/","name":"Paneles Orientales Blackout o Sunscreen | Dise\u00f1o | Haustelier","isPartOf":{"@id":"https:\/\/haustelier.com.ar\/#website"},"primaryImageOfPage":{"@id":"https:\/\/haustelier.com.ar\/producto\/paneles-orientales\/#primaryimage"},"image":{"@id":"https:\/\/haustelier.com.ar\/producto\/paneles-orientales\/#primaryimage"},"thumbnailUrl":"https:\/\/haustelier.com.ar\/wp-content\/uploads\/2024\/02\/Panel-oriental-produco.png","datePublished":"2024-02-15T20:49:15+00:00","dateModified":"2026-03-07T18:13:25+00:00","description":"Paneles orientales elegantes y multifuncionales. \u2714\ufe0f Opci\u00f3n blackout (100% oscuridad) o sunscreen (privacidad). \u2714\ufe0f Envio gratis. \u00a1Cotiza el tuyo!","breadcrumb":{"@id":"https:\/\/haustelier.com.ar\/producto\/paneles-orientales\/#breadcrumb"},"inLanguage":"en-US","potentialAction":[{"@type":"ReadAction","target":["https:\/\/haustelier.com.ar\/producto\/paneles-orientales\/"]}]},{"@type":"ImageObject","inLanguage":"en-US","@id":"https:\/\/haustelier.com.ar\/producto\/paneles-orientales\/#primaryimage","url":"https:\/\/haustelier.com.ar\/wp-content\/uploads\/2024\/02\/Panel-oriental-produco.png","contentUrl":"https:\/\/haustelier.com.ar\/wp-content\/uploads\/2024\/02\/Panel-oriental-produco.png","width":724,"height":750},{"@type":"BreadcrumbList","@id":"https:\/\/haustelier.com.ar\/producto\/paneles-orientales\/#breadcrumb","itemListElement":[{"@type":"ListItem","position":1,"name":"Home","item":"https:\/\/haustelier.com.ar\/"},{"@type":"ListItem","position":2,"name":"Ver Todo","item":"https:\/\/haustelier.com.ar\/tienda-cortinas-a-medida\/"},{"@type":"ListItem","position":3,"name":"Cortinas Panel Oriental"}]},{"@type":"WebSite","@id":"https:\/\/haustelier.com.ar\/#website","url":"https:\/\/haustelier.com.ar\/","name":"Haustelier","description":"Fabrica de Cortinas","publisher":{"@id":"https:\/\/haustelier.com.ar\/#organization"},"potentialAction":[{"@type":"SearchAction","target":{"@type":"EntryPoint","urlTemplate":"https:\/\/haustelier.com.ar\/?s={search_term_string}"},"query-input":{"@type":"PropertyValueSpecification","valueRequired":true,"valueName":"search_term_string"}}],"inLanguage":"en-US"},{"@type":"Organization","@id":"https:\/\/haustelier.com.ar\/#organization","name":"Haustelier","url":"https:\/\/haustelier.com.ar\/","logo":{"@type":"ImageObject","inLanguage":"en-US","@id":"https:\/\/haustelier.com.ar\/#\/schema\/logo\/image\/","url":"https:\/\/haustelier.com.ar\/wp-content\/uploads\/2024\/04\/cropped-logos-haustelier_800x-600-e1713378720964.png","contentUrl":"https:\/\/haustelier.com.ar\/wp-content\/uploads\/2024\/04\/cropped-logos-haustelier_800x-600-e1713378720964.png","width":934,"height":255,"caption":"Haustelier"},"image":{"@id":"https:\/\/haustelier.com.ar\/#\/schema\/logo\/image\/"}}]}},"_links":{"self":[{"href":"https:\/\/haustelier.com.ar\/en\/wp-json\/wp\/v2\/product\/8805","targetHints":{"allow":["GET"]}}],"collection":[{"href":"https:\/\/haustelier.com.ar\/en\/wp-json\/wp\/v2\/product"}],"about":[{"href":"https:\/\/haustelier.com.ar\/en\/wp-json\/wp\/v2\/types\/product"}],"replies":[{"embeddable":true,"href":"https:\/\/haustelier.com.ar\/en\/wp-json\/wp\/v2\/comments?post=8805"}],"wp:featuredmedia":[{"embeddable":true,"href":"https:\/\/haustelier.com.ar\/en\/wp-json\/wp\/v2\/media\/8919"}],"wp:attachment":[{"href":"https:\/\/haustelier.com.ar\/en\/wp-json\/wp\/v2\/media?parent=8805"}],"wp:term":[{"taxonomy":"product_cat","embeddable":true,"href":"https:\/\/haustelier.com.ar\/en\/wp-json\/wp\/v2\/product_cat?post=8805"},{"taxonomy":"product_tag","embeddable":true,"href":"https:\/\/haustelier.com.ar\/en\/wp-json\/wp\/v2\/product_tag?post=8805"}],"curies":[{"name":"wp","href":"https:\/\/api.w.org\/{rel}","templated":true}]}}