{"id":8854,"date":"2024-02-22T12:04:13","date_gmt":"2024-02-22T15:04:13","guid":{"rendered":"https:\/\/haustelier.com.ar\/?post_type=product&#038;p=8854"},"modified":"2026-01-13T17:18:11","modified_gmt":"2026-01-13T20:18:11","slug":"cortinas-roller-sunscreen","status":"publish","type":"product","link":"https:\/\/haustelier.com.ar\/en\/product\/cortinas-roller-sunscreen\/","title":{"rendered":"Cortina Roller Sunscreen"},"content":{"rendered":"<p>Las cortinas Sunscreen ofrecen un gran control sobre la luz natural ya que filtran suavemente la luz solar, creando un ambiente luminoso y agradable en el interior sin oscurecer completamente la habitaci\u00f3n. Al mismo tiempo, previenen y protegen contra los da\u00f1inos rayos UV.<\/p>\n<p>\u2714\u00a0<strong>Fibra de vidrio:<\/strong> Resistente a rasgaduras, humedad y cambios de temperatura.<br \/>\n\u2714\u00a0<strong>5% de transmisi\u00f3n lum\u00ednica:<\/strong>\u00a0Filtra el\u00a0<strong>95% de la luz solar<\/strong>\u00a0sin oscurecer completamente el ambiente.<br \/>\n\u2714\u00a0<strong>Protecci\u00f3n UV + reducci\u00f3n de calor:<\/strong> Protege muebles del desgaste por rayos solares.<br \/>\n\u2714\u00a0<strong>Privacidad con luminosidad:<\/strong> Permite ver hacia fuera pero no hacia dentro.<br \/>\n\u2714\u00a0<strong>Limpieza f\u00e1cil:<\/strong>\u00a0Material antiadherente que repele el polvo y se limpia con un pa\u00f1o h\u00famedo.<\/p>\n<p><strong>Incluye:<\/strong><br \/>\n&#8211; 1 Cortina Sunscreen en las medidas solicitadas<br \/>\n&#8211; Excelentes terminaciones termo selladas, para un look mas est\u00e9tico y duradero<br \/>\n&#8211; Cadena pl\u00e1stica o met\u00e1lica seg\u00fan elecci\u00f3n<\/p>\n<p>&#8211; \u00a1Lista para instalar! Materiales de instalaci\u00f3n incluidos.<\/p>","protected":false},"excerpt":{"rendered":"<p>Las cortinas Sunscreen ofrecen un gran control sobre la luz natural ya que filtran suavemente la luz solar, creando un ambiente luminoso y agradable en el interior sin oscurecer completamente la habitaci\u00f3n. Al mismo tiempo, previenen y protegen contra los da\u00f1inos rayos UV.<\/p>\n<p>Plazo de fabricaci\u00f3n 10 d\u00edas habiles<\/p>","protected":false},"featured_media":9099,"comment_status":"open","ping_status":"closed","template":"","meta":{"_acf_changed":false,"inline_featured_image":false},"product_cat":[64],"product_tag":[],"class_list":{"0":"post-8854","1":"product","2":"type-product","3":"status-publish","4":"has-post-thumbnail","6":"product_cat-roller-screen","8":"first","9":"instock","10":"sale","11":"shipping-taxable","12":"purchasable","13":"product-type-variable"},"acf":[],"yoast_head":"<!-- This site is optimized with the Yoast SEO plugin v26.6 - https:\/\/yoast.com\/wordpress\/plugins\/seo\/ -->\n<title>Cortina Roller Sunscreen Premium 5% - Haustelier<\/title>\n<meta name=\"description\" content=\"Cortina Roller Sunscreen al 5% con fibra de vidrio: Protecci\u00f3n UV y privacidad, \u2714\ufe0f Durabilidad extrema \u2714\ufe0f Filtra luz sin calor. \u00a1Cotiza la tuya!\" \/>\n<meta name=\"robots\" content=\"index, follow, max-snippet:-1, max-image-preview:large, max-video-preview:-1\" \/>\n<link rel=\"canonical\" href=\"https:\/\/haustelier.com.ar\/en\/product\/cortinas-roller-sunscreen\/\" \/>\n<meta property=\"og:locale\" content=\"en_US\" \/>\n<meta property=\"og:type\" content=\"article\" \/>\n<meta property=\"og:title\" content=\"Cortina Roller Sunscreen Premium 5% - Haustelier\" \/>\n<meta property=\"og:description\" content=\"Cortina Roller Sunscreen al 5% con fibra de vidrio: Protecci\u00f3n UV y privacidad, \u2714\ufe0f Durabilidad extrema \u2714\ufe0f Filtra luz sin calor. \u00a1Cotiza la tuya!\" \/>\n<meta property=\"og:url\" content=\"https:\/\/haustelier.com.ar\/en\/product\/cortinas-roller-sunscreen\/\" \/>\n<meta property=\"og:site_name\" content=\"Haustelier\" \/>\n<meta property=\"article:modified_time\" content=\"2026-01-13T20:18:11+00:00\" \/>\n<meta property=\"og:image\" content=\"https:\/\/haustelier.com.ar\/wp-content\/uploads\/2024\/02\/001-Screen-Escena-Comedor-Beige-1.jpg\" \/>\n\t<meta property=\"og:image:width\" content=\"1920\" \/>\n\t<meta property=\"og:image:height\" content=\"1920\" \/>\n\t<meta property=\"og:image:type\" content=\"image\/jpeg\" \/>\n<meta name=\"twitter:card\" content=\"summary_large_image\" \/>\n<meta name=\"twitter:label1\" content=\"Est. reading time\" \/>\n\t<meta name=\"twitter:data1\" content=\"1 minute\" \/>\n<script type=\"application\/ld+json\" class=\"yoast-schema-graph\">{\"@context\":\"https:\/\/schema.org\",\"@graph\":[{\"@type\":\"WebPage\",\"@id\":\"https:\/\/haustelier.com.ar\/producto\/cortinas-roller-sunscreen\/\",\"url\":\"https:\/\/haustelier.com.ar\/producto\/cortinas-roller-sunscreen\/\",\"name\":\"Cortina Roller Sunscreen Premium 5% - Haustelier\",\"isPartOf\":{\"@id\":\"https:\/\/haustelier.com.ar\/#website\"},\"primaryImageOfPage\":{\"@id\":\"https:\/\/haustelier.com.ar\/producto\/cortinas-roller-sunscreen\/#primaryimage\"},\"image\":{\"@id\":\"https:\/\/haustelier.com.ar\/producto\/cortinas-roller-sunscreen\/#primaryimage\"},\"thumbnailUrl\":\"https:\/\/haustelier.com.ar\/wp-content\/uploads\/2024\/02\/001-Screen-Escena-Comedor-Beige-1.jpg\",\"datePublished\":\"2024-02-22T15:04:13+00:00\",\"dateModified\":\"2026-01-13T20:18:11+00:00\",\"description\":\"Cortina Roller Sunscreen al 5% con fibra de vidrio: Protecci\u00f3n UV y privacidad, \u2714\ufe0f Durabilidad extrema \u2714\ufe0f Filtra luz sin calor. \u00a1Cotiza la tuya!\",\"breadcrumb\":{\"@id\":\"https:\/\/haustelier.com.ar\/producto\/cortinas-roller-sunscreen\/#breadcrumb\"},\"inLanguage\":\"en-US\",\"potentialAction\":[{\"@type\":\"ReadAction\",\"target\":[\"https:\/\/haustelier.com.ar\/producto\/cortinas-roller-sunscreen\/\"]}]},{\"@type\":\"ImageObject\",\"inLanguage\":\"en-US\",\"@id\":\"https:\/\/haustelier.com.ar\/producto\/cortinas-roller-sunscreen\/#primaryimage\",\"url\":\"https:\/\/haustelier.com.ar\/wp-content\/uploads\/2024\/02\/001-Screen-Escena-Comedor-Beige-1.jpg\",\"contentUrl\":\"https:\/\/haustelier.com.ar\/wp-content\/uploads\/2024\/02\/001-Screen-Escena-Comedor-Beige-1.jpg\",\"width\":1920,\"height\":1920},{\"@type\":\"BreadcrumbList\",\"@id\":\"https:\/\/haustelier.com.ar\/producto\/cortinas-roller-sunscreen\/#breadcrumb\",\"itemListElement\":[{\"@type\":\"ListItem\",\"position\":1,\"name\":\"Home\",\"item\":\"https:\/\/haustelier.com.ar\/\"},{\"@type\":\"ListItem\",\"position\":2,\"name\":\"Ver Todo\",\"item\":\"https:\/\/haustelier.com.ar\/tienda-cortinas-a-medida\/\"},{\"@type\":\"ListItem\",\"position\":3,\"name\":\"Cortina Roller Sunscreen\"}]},{\"@type\":\"WebSite\",\"@id\":\"https:\/\/haustelier.com.ar\/#website\",\"url\":\"https:\/\/haustelier.com.ar\/\",\"name\":\"Haustelier\",\"description\":\"Fabrica de Cortinas\",\"publisher\":{\"@id\":\"https:\/\/haustelier.com.ar\/#organization\"},\"potentialAction\":[{\"@type\":\"SearchAction\",\"target\":{\"@type\":\"EntryPoint\",\"urlTemplate\":\"https:\/\/haustelier.com.ar\/?s={search_term_string}\"},\"query-input\":{\"@type\":\"PropertyValueSpecification\",\"valueRequired\":true,\"valueName\":\"search_term_string\"}}],\"inLanguage\":\"en-US\"},{\"@type\":\"Organization\",\"@id\":\"https:\/\/haustelier.com.ar\/#organization\",\"name\":\"Haustelier\",\"url\":\"https:\/\/haustelier.com.ar\/\",\"logo\":{\"@type\":\"ImageObject\",\"inLanguage\":\"en-US\",\"@id\":\"https:\/\/haustelier.com.ar\/#\/schema\/logo\/image\/\",\"url\":\"https:\/\/haustelier.com.ar\/wp-content\/uploads\/2024\/04\/cropped-logos-haustelier_800x-600-e1713378720964.png\",\"contentUrl\":\"https:\/\/haustelier.com.ar\/wp-content\/uploads\/2024\/04\/cropped-logos-haustelier_800x-600-e1713378720964.png\",\"width\":934,\"height\":255,\"caption\":\"Haustelier\"},\"image\":{\"@id\":\"https:\/\/haustelier.com.ar\/#\/schema\/logo\/image\/\"}}]}<\/script>\n<!-- \/ Yoast SEO plugin. -->","yoast_head_json":{"title":"Cortina Roller Sunscreen Premium 5% - Haustelier","description":"Cortina Roller Sunscreen al 5% con fibra de vidrio: Protecci\u00f3n UV y privacidad, \u2714\ufe0f Durabilidad extrema \u2714\ufe0f Filtra luz sin calor. \u00a1Cotiza la tuya!","robots":{"index":"index","follow":"follow","max-snippet":"max-snippet:-1","max-image-preview":"max-image-preview:large","max-video-preview":"max-video-preview:-1"},"canonical":"https:\/\/haustelier.com.ar\/en\/product\/cortinas-roller-sunscreen\/","og_locale":"en_US","og_type":"article","og_title":"Cortina Roller Sunscreen Premium 5% - Haustelier","og_description":"Cortina Roller Sunscreen al 5% con fibra de vidrio: Protecci\u00f3n UV y privacidad, \u2714\ufe0f Durabilidad extrema \u2714\ufe0f Filtra luz sin calor. \u00a1Cotiza la tuya!","og_url":"https:\/\/haustelier.com.ar\/en\/product\/cortinas-roller-sunscreen\/","og_site_name":"Haustelier","article_modified_time":"2026-01-13T20:18:11+00:00","og_image":[{"width":1920,"height":1920,"url":"https:\/\/haustelier.com.ar\/wp-content\/uploads\/2024\/02\/001-Screen-Escena-Comedor-Beige-1.jpg","type":"image\/jpeg"}],"twitter_card":"summary_large_image","twitter_misc":{"Est. reading time":"1 minute"},"schema":{"@context":"https:\/\/schema.org","@graph":[{"@type":"WebPage","@id":"https:\/\/haustelier.com.ar\/producto\/cortinas-roller-sunscreen\/","url":"https:\/\/haustelier.com.ar\/producto\/cortinas-roller-sunscreen\/","name":"Cortina Roller Sunscreen Premium 5% - Haustelier","isPartOf":{"@id":"https:\/\/haustelier.com.ar\/#website"},"primaryImageOfPage":{"@id":"https:\/\/haustelier.com.ar\/producto\/cortinas-roller-sunscreen\/#primaryimage"},"image":{"@id":"https:\/\/haustelier.com.ar\/producto\/cortinas-roller-sunscreen\/#primaryimage"},"thumbnailUrl":"https:\/\/haustelier.com.ar\/wp-content\/uploads\/2024\/02\/001-Screen-Escena-Comedor-Beige-1.jpg","datePublished":"2024-02-22T15:04:13+00:00","dateModified":"2026-01-13T20:18:11+00:00","description":"Cortina Roller Sunscreen al 5% con fibra de vidrio: Protecci\u00f3n UV y privacidad, \u2714\ufe0f Durabilidad extrema \u2714\ufe0f Filtra luz sin calor. \u00a1Cotiza la tuya!","breadcrumb":{"@id":"https:\/\/haustelier.com.ar\/producto\/cortinas-roller-sunscreen\/#breadcrumb"},"inLanguage":"en-US","potentialAction":[{"@type":"ReadAction","target":["https:\/\/haustelier.com.ar\/producto\/cortinas-roller-sunscreen\/"]}]},{"@type":"ImageObject","inLanguage":"en-US","@id":"https:\/\/haustelier.com.ar\/producto\/cortinas-roller-sunscreen\/#primaryimage","url":"https:\/\/haustelier.com.ar\/wp-content\/uploads\/2024\/02\/001-Screen-Escena-Comedor-Beige-1.jpg","contentUrl":"https:\/\/haustelier.com.ar\/wp-content\/uploads\/2024\/02\/001-Screen-Escena-Comedor-Beige-1.jpg","width":1920,"height":1920},{"@type":"BreadcrumbList","@id":"https:\/\/haustelier.com.ar\/producto\/cortinas-roller-sunscreen\/#breadcrumb","itemListElement":[{"@type":"ListItem","position":1,"name":"Home","item":"https:\/\/haustelier.com.ar\/"},{"@type":"ListItem","position":2,"name":"Ver Todo","item":"https:\/\/haustelier.com.ar\/tienda-cortinas-a-medida\/"},{"@type":"ListItem","position":3,"name":"Cortina Roller Sunscreen"}]},{"@type":"WebSite","@id":"https:\/\/haustelier.com.ar\/#website","url":"https:\/\/haustelier.com.ar\/","name":"Haustelier","description":"Fabrica de Cortinas","publisher":{"@id":"https:\/\/haustelier.com.ar\/#organization"},"potentialAction":[{"@type":"SearchAction","target":{"@type":"EntryPoint","urlTemplate":"https:\/\/haustelier.com.ar\/?s={search_term_string}"},"query-input":{"@type":"PropertyValueSpecification","valueRequired":true,"valueName":"search_term_string"}}],"inLanguage":"en-US"},{"@type":"Organization","@id":"https:\/\/haustelier.com.ar\/#organization","name":"Haustelier","url":"https:\/\/haustelier.com.ar\/","logo":{"@type":"ImageObject","inLanguage":"en-US","@id":"https:\/\/haustelier.com.ar\/#\/schema\/logo\/image\/","url":"https:\/\/haustelier.com.ar\/wp-content\/uploads\/2024\/04\/cropped-logos-haustelier_800x-600-e1713378720964.png","contentUrl":"https:\/\/haustelier.com.ar\/wp-content\/uploads\/2024\/04\/cropped-logos-haustelier_800x-600-e1713378720964.png","width":934,"height":255,"caption":"Haustelier"},"image":{"@id":"https:\/\/haustelier.com.ar\/#\/schema\/logo\/image\/"}}]}},"_links":{"self":[{"href":"https:\/\/haustelier.com.ar\/en\/wp-json\/wp\/v2\/product\/8854","targetHints":{"allow":["GET"]}}],"collection":[{"href":"https:\/\/haustelier.com.ar\/en\/wp-json\/wp\/v2\/product"}],"about":[{"href":"https:\/\/haustelier.com.ar\/en\/wp-json\/wp\/v2\/types\/product"}],"replies":[{"embeddable":true,"href":"https:\/\/haustelier.com.ar\/en\/wp-json\/wp\/v2\/comments?post=8854"}],"wp:featuredmedia":[{"embeddable":true,"href":"https:\/\/haustelier.com.ar\/en\/wp-json\/wp\/v2\/media\/9099"}],"wp:attachment":[{"href":"https:\/\/haustelier.com.ar\/en\/wp-json\/wp\/v2\/media?parent=8854"}],"wp:term":[{"taxonomy":"product_cat","embeddable":true,"href":"https:\/\/haustelier.com.ar\/en\/wp-json\/wp\/v2\/product_cat?post=8854"},{"taxonomy":"product_tag","embeddable":true,"href":"https:\/\/haustelier.com.ar\/en\/wp-json\/wp\/v2\/product_tag?post=8854"}],"curies":[{"name":"wp","href":"https:\/\/api.w.org\/{rel}","templated":true}]}}